{"id":91632,"date":"2024-12-02T09:39:37","date_gmt":"2024-12-02T09:39:37","guid":{"rendered":"https:\/\/www.silvian.nl\/product\/alolan-exeggutor-gx-3\/"},"modified":"2024-12-05T00:49:12","modified_gmt":"2024-12-05T00:49:12","slug":"alolan-exeggutor-gx-3","status":"publish","type":"product","link":"https:\/\/www.silvian.nl\/zh-hans\/product\/alolan-exeggutor-gx-3\/","title":{"rendered":"Alolan Exeggutor-GX"},"content":{"rendered":"<p>This attack does 20 damage times the amount of Energy attached to this Pok\u00e9mon to 1 of your opponent&#8217;s Pok\u00e9mon. (Don&#8217;t apply Weakness and Resistance for Benched Pok\u00e9mon.)<\/p>\n","protected":false},"excerpt":{"rendered":"<p>This attack does 20 damage times the amount of Energy a [&#8230;]\n","protected":false},"featured_media":91619,"template":"","meta":[],"product_cat":[4672,4493],"product_tag":[],"class_list":{"0":"post-91632","1":"product","2":"type-product","3":"status-publish","4":"has-post-thumbnail","6":"product_cat-crimson-invasion","7":"product_cat-sun-moon","9":"first","10":"outofstock","11":"shipping-taxable","12":"product-type-simple"},"_links":{"self":[{"href":"https:\/\/www.silvian.nl\/zh-hans\/wp-json\/wp\/v2\/product\/91632","targetHints":{"allow":["GET"]}}],"collection":[{"href":"https:\/\/www.silvian.nl\/zh-hans\/wp-json\/wp\/v2\/product"}],"about":[{"href":"https:\/\/www.silvian.nl\/zh-hans\/wp-json\/wp\/v2\/types\/product"}],"wp:featuredmedia":[{"embeddable":true,"href":"https:\/\/www.silvian.nl\/zh-hans\/wp-json\/wp\/v2\/media\/91619"}],"wp:attachment":[{"href":"https:\/\/www.silvian.nl\/zh-hans\/wp-json\/wp\/v2\/media?parent=91632"}],"wp:term":[{"taxonomy":"product_cat","embeddable":true,"href":"https:\/\/www.silvian.nl\/zh-hans\/wp-json\/wp\/v2\/product_cat?post=91632"},{"taxonomy":"product_tag","embeddable":true,"href":"https:\/\/www.silvian.nl\/zh-hans\/wp-json\/wp\/v2\/product_tag?post=91632"}],"curies":[{"name":"wp","href":"https:\/\/api.w.org\/{rel}","templated":true}]}}