{"id":8798,"date":"2024-11-21T12:12:09","date_gmt":"2024-11-21T12:12:09","guid":{"rendered":"https:\/\/www.silvian.nl\/product\/pidgey-3\/"},"modified":"2024-12-04T21:54:15","modified_gmt":"2024-12-04T21:54:15","slug":"pidgey-3","status":"publish","type":"product","link":"https:\/\/www.silvian.nl\/zh-hans\/product\/pidgey-3\/","title":{"rendered":"Pidgey"},"content":{"rendered":"<p>Your opponent switches the Defending Pok\u00e9mon with 1 of his or her Benched Pok\u00e9mon, if any. (Do the damage before switching the Pok\u00e9mon.)<\/p>\n","protected":false},"excerpt":{"rendered":"<p>A common sight in forests and woods. It flaps its wings at ground level to kick up blinding sand.<\/p>\n","protected":false},"featured_media":8785,"template":"","meta":[],"product_cat":[296,2826],"product_tag":[],"class_list":{"0":"post-8798","1":"product","2":"type-product","3":"status-publish","4":"has-post-thumbnail","6":"product_cat-base","7":"product_cat-base-set-6","9":"first","10":"outofstock","11":"shipping-taxable","12":"product-type-simple"},"_links":{"self":[{"href":"https:\/\/www.silvian.nl\/zh-hans\/wp-json\/wp\/v2\/product\/8798","targetHints":{"allow":["GET"]}}],"collection":[{"href":"https:\/\/www.silvian.nl\/zh-hans\/wp-json\/wp\/v2\/product"}],"about":[{"href":"https:\/\/www.silvian.nl\/zh-hans\/wp-json\/wp\/v2\/types\/product"}],"wp:featuredmedia":[{"embeddable":true,"href":"https:\/\/www.silvian.nl\/zh-hans\/wp-json\/wp\/v2\/media\/8785"}],"wp:attachment":[{"href":"https:\/\/www.silvian.nl\/zh-hans\/wp-json\/wp\/v2\/media?parent=8798"}],"wp:term":[{"taxonomy":"product_cat","embeddable":true,"href":"https:\/\/www.silvian.nl\/zh-hans\/wp-json\/wp\/v2\/product_cat?post=8798"},{"taxonomy":"product_tag","embeddable":true,"href":"https:\/\/www.silvian.nl\/zh-hans\/wp-json\/wp\/v2\/product_tag?post=8798"}],"curies":[{"name":"wp","href":"https:\/\/api.w.org\/{rel}","templated":true}]}}