{"id":87114,"date":"2024-12-01T15:34:14","date_gmt":"2024-12-01T15:34:14","guid":{"rendered":"https:\/\/www.silvian.nl\/product\/turtonator-gx-3\/"},"modified":"2024-12-05T00:41:18","modified_gmt":"2024-12-05T00:41:18","slug":"turtonator-gx-3","status":"publish","type":"product","link":"https:\/\/www.silvian.nl\/zh-hans\/product\/turtonator-gx-3\/","title":{"rendered":"Turtonator-GX"},"content":{"rendered":"<p>During your opponent&#8217;s next turn, if this Pok\u00e9mon is damaged by an attack (even if this Pok\u00e9mon is Knocked Out), put 8 damage counters on the Attacking Pok\u00e9mon.<\/p>\n","protected":false},"excerpt":{"rendered":"<p>During your opponent&#8217;s next turn, if this Pok\u00e9mon [&#8230;]\n","protected":false},"featured_media":87101,"template":"","meta":[],"product_cat":[4563,4493],"product_tag":[],"class_list":{"0":"post-87114","1":"product","2":"type-product","3":"status-publish","4":"has-post-thumbnail","6":"product_cat-guardians-rising","7":"product_cat-sun-moon","9":"first","10":"outofstock","11":"shipping-taxable","12":"product-type-simple"},"_links":{"self":[{"href":"https:\/\/www.silvian.nl\/zh-hans\/wp-json\/wp\/v2\/product\/87114","targetHints":{"allow":["GET"]}}],"collection":[{"href":"https:\/\/www.silvian.nl\/zh-hans\/wp-json\/wp\/v2\/product"}],"about":[{"href":"https:\/\/www.silvian.nl\/zh-hans\/wp-json\/wp\/v2\/types\/product"}],"wp:featuredmedia":[{"embeddable":true,"href":"https:\/\/www.silvian.nl\/zh-hans\/wp-json\/wp\/v2\/media\/87101"}],"wp:attachment":[{"href":"https:\/\/www.silvian.nl\/zh-hans\/wp-json\/wp\/v2\/media?parent=87114"}],"wp:term":[{"taxonomy":"product_cat","embeddable":true,"href":"https:\/\/www.silvian.nl\/zh-hans\/wp-json\/wp\/v2\/product_cat?post=87114"},{"taxonomy":"product_tag","embeddable":true,"href":"https:\/\/www.silvian.nl\/zh-hans\/wp-json\/wp\/v2\/product_tag?post=87114"}],"curies":[{"name":"wp","href":"https:\/\/api.w.org\/{rel}","templated":true}]}}