{"id":85700,"date":"2024-12-01T15:03:47","date_gmt":"2024-12-01T15:03:47","guid":{"rendered":"https:\/\/www.silvian.nl\/product\/gothitelle-3\/"},"modified":"2024-12-05T00:38:17","modified_gmt":"2024-12-05T00:38:17","slug":"gothitelle-3","status":"publish","type":"product","link":"https:\/\/www.silvian.nl\/zh-hans\/product\/gothitelle-3\/","title":{"rendered":"Gothitelle"},"content":{"rendered":"<p>Switch 1 of your opponent&#8217;s Benched Pok\u00e9mon with their Active Pok\u00e9mon. This attack does 30 damage to the new Active Pok\u00e9mon.<\/p>\n","protected":false},"excerpt":{"rendered":"<p>Starry skies thousands of light-years away are visible in the space distorted by their intense psychic power.<\/p>\n","protected":false},"featured_media":85687,"template":"","meta":[],"product_cat":[4563,4493],"product_tag":[],"class_list":{"0":"post-85700","1":"product","2":"type-product","3":"status-publish","4":"has-post-thumbnail","6":"product_cat-guardians-rising","7":"product_cat-sun-moon","9":"first","10":"outofstock","11":"shipping-taxable","12":"product-type-simple"},"_links":{"self":[{"href":"https:\/\/www.silvian.nl\/zh-hans\/wp-json\/wp\/v2\/product\/85700","targetHints":{"allow":["GET"]}}],"collection":[{"href":"https:\/\/www.silvian.nl\/zh-hans\/wp-json\/wp\/v2\/product"}],"about":[{"href":"https:\/\/www.silvian.nl\/zh-hans\/wp-json\/wp\/v2\/types\/product"}],"wp:featuredmedia":[{"embeddable":true,"href":"https:\/\/www.silvian.nl\/zh-hans\/wp-json\/wp\/v2\/media\/85687"}],"wp:attachment":[{"href":"https:\/\/www.silvian.nl\/zh-hans\/wp-json\/wp\/v2\/media?parent=85700"}],"wp:term":[{"taxonomy":"product_cat","embeddable":true,"href":"https:\/\/www.silvian.nl\/zh-hans\/wp-json\/wp\/v2\/product_cat?post=85700"},{"taxonomy":"product_tag","embeddable":true,"href":"https:\/\/www.silvian.nl\/zh-hans\/wp-json\/wp\/v2\/product_tag?post=85700"}],"curies":[{"name":"wp","href":"https:\/\/api.w.org\/{rel}","templated":true}]}}