{"id":7692,"date":"2024-11-21T11:56:29","date_gmt":"2024-11-21T11:56:29","guid":{"rendered":"https:\/\/www.silvian.nl\/product\/dark-persian-2\/"},"modified":"2024-12-04T21:49:23","modified_gmt":"2024-12-04T21:49:23","slug":"dark-persian-2","status":"publish","type":"product","link":"https:\/\/www.silvian.nl\/zh-hans\/product\/dark-persian-2\/","title":{"rendered":"Dark Persian"},"content":{"rendered":"<p>Flip a coin. If heads, choose 1 of your opponent&#8217;s Benched Pok\u00e9mon and switch it with the Defending Pok\u00e9mon. This attack can&#8217;t be used if your opponent has no Benched Pok\u00e9mon.<\/p>\n","protected":false},"excerpt":{"rendered":"<p>Popular with women because of its beautiful fur. The leader of the Rockets keeps one as a pet.<\/p>\n","protected":false},"featured_media":7679,"template":"","meta":[],"product_cat":[296,2826],"product_tag":[],"class_list":{"0":"post-7692","1":"product","2":"type-product","3":"status-publish","4":"has-post-thumbnail","6":"product_cat-base","7":"product_cat-base-set-6","9":"first","10":"outofstock","11":"shipping-taxable","12":"product-type-simple"},"_links":{"self":[{"href":"https:\/\/www.silvian.nl\/zh-hans\/wp-json\/wp\/v2\/product\/7692","targetHints":{"allow":["GET"]}}],"collection":[{"href":"https:\/\/www.silvian.nl\/zh-hans\/wp-json\/wp\/v2\/product"}],"about":[{"href":"https:\/\/www.silvian.nl\/zh-hans\/wp-json\/wp\/v2\/types\/product"}],"wp:featuredmedia":[{"embeddable":true,"href":"https:\/\/www.silvian.nl\/zh-hans\/wp-json\/wp\/v2\/media\/7679"}],"wp:attachment":[{"href":"https:\/\/www.silvian.nl\/zh-hans\/wp-json\/wp\/v2\/media?parent=7692"}],"wp:term":[{"taxonomy":"product_cat","embeddable":true,"href":"https:\/\/www.silvian.nl\/zh-hans\/wp-json\/wp\/v2\/product_cat?post=7692"},{"taxonomy":"product_tag","embeddable":true,"href":"https:\/\/www.silvian.nl\/zh-hans\/wp-json\/wp\/v2\/product_tag?post=7692"}],"curies":[{"name":"wp","href":"https:\/\/api.w.org\/{rel}","templated":true}]}}