{"id":71442,"date":"2024-11-27T14:23:35","date_gmt":"2024-11-27T14:23:35","guid":{"rendered":"https:\/\/www.silvian.nl\/product\/clefable-8\/"},"modified":"2024-12-05T00:14:53","modified_gmt":"2024-12-05T00:14:53","slug":"clefable-8","status":"publish","type":"product","link":"https:\/\/www.silvian.nl\/zh-hans\/product\/clefable-8\/","title":{"rendered":"Clefable"},"content":{"rendered":"<p>Flip 3 coins. Choose a number of your Pok\u00e9mon in play up to the number of heads. For each of those Pok\u00e9mon, search your deck for a card that evolves from that Pok\u00e9mon and put it onto that Pok\u00e9mon to evolve it. Then, shuffle your deck.<\/p>\n","protected":false},"excerpt":{"rendered":"<p>A timid fairy Pok\u00e9mon that is rarely seen, it will run and hide the moment it senses people.<\/p>\n","protected":false},"featured_media":71429,"template":"","meta":[],"product_cat":[4106,2971],"product_tag":[],"class_list":{"0":"post-71442","1":"product","2":"type-product","3":"status-publish","4":"has-post-thumbnail","6":"product_cat-brilliant-stars","7":"product_cat-sword-shield","9":"first","10":"outofstock","11":"shipping-taxable","12":"product-type-simple"},"_links":{"self":[{"href":"https:\/\/www.silvian.nl\/zh-hans\/wp-json\/wp\/v2\/product\/71442","targetHints":{"allow":["GET"]}}],"collection":[{"href":"https:\/\/www.silvian.nl\/zh-hans\/wp-json\/wp\/v2\/product"}],"about":[{"href":"https:\/\/www.silvian.nl\/zh-hans\/wp-json\/wp\/v2\/types\/product"}],"wp:featuredmedia":[{"embeddable":true,"href":"https:\/\/www.silvian.nl\/zh-hans\/wp-json\/wp\/v2\/media\/71429"}],"wp:attachment":[{"href":"https:\/\/www.silvian.nl\/zh-hans\/wp-json\/wp\/v2\/media?parent=71442"}],"wp:term":[{"taxonomy":"product_cat","embeddable":true,"href":"https:\/\/www.silvian.nl\/zh-hans\/wp-json\/wp\/v2\/product_cat?post=71442"},{"taxonomy":"product_tag","embeddable":true,"href":"https:\/\/www.silvian.nl\/zh-hans\/wp-json\/wp\/v2\/product_tag?post=71442"}],"curies":[{"name":"wp","href":"https:\/\/api.w.org\/{rel}","templated":true}]}}