{"id":41793,"date":"2024-11-25T13:49:36","date_gmt":"2024-11-25T13:49:36","guid":{"rendered":"https:\/\/www.silvian.nl\/product\/galvantula-ex-3\/"},"modified":"2024-12-04T23:11:49","modified_gmt":"2024-12-04T23:11:49","slug":"galvantula-ex-3","status":"publish","type":"product","link":"https:\/\/www.silvian.nl\/zh-hans\/product\/galvantula-ex-3\/","title":{"rendered":"Galvantula ex"},"content":{"rendered":"<p>If your opponent&#8217;s Active Pok\u00e9mon is a Pok\u00e9mon ex or Pok\u00e9mon V, this attack does 110 more damage.<\/p>\n","protected":false},"excerpt":{"rendered":"<p>If your opponent&#8217;s Active Pok\u00e9mon is a Pok\u00e9mon ex [&#8230;]\n","protected":false},"featured_media":41780,"template":"","meta":[],"product_cat":[999,2915],"product_tag":[],"class_list":{"0":"post-41793","1":"product","2":"type-product","3":"status-publish","4":"has-post-thumbnail","6":"product_cat-scarlet-violet","7":"product_cat-stellar-crown","9":"first","10":"outofstock","11":"shipping-taxable","12":"product-type-simple"},"_links":{"self":[{"href":"https:\/\/www.silvian.nl\/zh-hans\/wp-json\/wp\/v2\/product\/41793","targetHints":{"allow":["GET"]}}],"collection":[{"href":"https:\/\/www.silvian.nl\/zh-hans\/wp-json\/wp\/v2\/product"}],"about":[{"href":"https:\/\/www.silvian.nl\/zh-hans\/wp-json\/wp\/v2\/types\/product"}],"wp:featuredmedia":[{"embeddable":true,"href":"https:\/\/www.silvian.nl\/zh-hans\/wp-json\/wp\/v2\/media\/41780"}],"wp:attachment":[{"href":"https:\/\/www.silvian.nl\/zh-hans\/wp-json\/wp\/v2\/media?parent=41793"}],"wp:term":[{"taxonomy":"product_cat","embeddable":true,"href":"https:\/\/www.silvian.nl\/zh-hans\/wp-json\/wp\/v2\/product_cat?post=41793"},{"taxonomy":"product_tag","embeddable":true,"href":"https:\/\/www.silvian.nl\/zh-hans\/wp-json\/wp\/v2\/product_tag?post=41793"}],"curies":[{"name":"wp","href":"https:\/\/api.w.org\/{rel}","templated":true}]}}