{"id":111797,"date":"2024-12-09T13:17:00","date_gmt":"2024-12-09T13:17:00","guid":{"rendered":"https:\/\/www.silvian.nl\/product\/naganadel-gx-5\/"},"modified":"2024-12-09T13:17:00","modified_gmt":"2024-12-09T13:17:00","slug":"naganadel-gx-5","status":"publish","type":"product","link":"https:\/\/www.silvian.nl\/zh-hans\/product\/naganadel-gx-5\/","title":{"rendered":"Naganadel-GX"},"content":{"rendered":"<p>Discard 2 Energy from this Pok\u00e9mon. This attack does 170 damage to 1 of your opponent&#8217;s Pok\u00e9mon. (Don&#8217;t apply Weakness and Resistance for Benched Pok\u00e9mon.)<\/p>\n","protected":false},"excerpt":{"rendered":"<p>Discard 2 Energy from this Pok\u00e9mon. This attack does 17 [&#8230;]\n","protected":false},"featured_media":111784,"template":"","meta":[],"product_cat":[4493,5110],"product_tag":[],"class_list":{"0":"post-111797","1":"product","2":"type-product","3":"status-publish","4":"has-post-thumbnail","6":"product_cat-sun-moon","7":"product_cat-unified-minds","9":"first","10":"outofstock","11":"shipping-taxable","12":"product-type-simple"},"_links":{"self":[{"href":"https:\/\/www.silvian.nl\/zh-hans\/wp-json\/wp\/v2\/product\/111797","targetHints":{"allow":["GET"]}}],"collection":[{"href":"https:\/\/www.silvian.nl\/zh-hans\/wp-json\/wp\/v2\/product"}],"about":[{"href":"https:\/\/www.silvian.nl\/zh-hans\/wp-json\/wp\/v2\/types\/product"}],"wp:featuredmedia":[{"embeddable":true,"href":"https:\/\/www.silvian.nl\/zh-hans\/wp-json\/wp\/v2\/media\/111784"}],"wp:attachment":[{"href":"https:\/\/www.silvian.nl\/zh-hans\/wp-json\/wp\/v2\/media?parent=111797"}],"wp:term":[{"taxonomy":"product_cat","embeddable":true,"href":"https:\/\/www.silvian.nl\/zh-hans\/wp-json\/wp\/v2\/product_cat?post=111797"},{"taxonomy":"product_tag","embeddable":true,"href":"https:\/\/www.silvian.nl\/zh-hans\/wp-json\/wp\/v2\/product_tag?post=111797"}],"curies":[{"name":"wp","href":"https:\/\/api.w.org\/{rel}","templated":true}]}}