{"id":110789,"date":"2024-12-09T13:13:07","date_gmt":"2024-12-09T13:13:07","guid":{"rendered":"https:\/\/www.silvian.nl\/product\/naganadel-gx-4\/"},"modified":"2024-12-09T13:13:07","modified_gmt":"2024-12-09T13:13:07","slug":"naganadel-gx-4","status":"publish","type":"product","link":"https:\/\/www.silvian.nl\/zh-hans\/product\/naganadel-gx-4\/","title":{"rendered":"Naganadel-GX"},"content":{"rendered":"<p>Discard 2 Energy from this Pok\u00e9mon. This attack does 170 damage to 1 of your opponent&#8217;s Pok\u00e9mon. (Don&#8217;t apply Weakness and Resistance for Benched Pok\u00e9mon.)<\/p>\n","protected":false},"excerpt":{"rendered":"<p>Discard 2 Energy from this Pok\u00e9mon. This attack does 17 [&#8230;]\n","protected":false},"featured_media":110776,"template":"","meta":[],"product_cat":[4493,5110],"product_tag":[],"class_list":{"0":"post-110789","1":"product","2":"type-product","3":"status-publish","4":"has-post-thumbnail","6":"product_cat-sun-moon","7":"product_cat-unified-minds","9":"first","10":"outofstock","11":"shipping-taxable","12":"product-type-simple"},"_links":{"self":[{"href":"https:\/\/www.silvian.nl\/zh-hans\/wp-json\/wp\/v2\/product\/110789","targetHints":{"allow":["GET"]}}],"collection":[{"href":"https:\/\/www.silvian.nl\/zh-hans\/wp-json\/wp\/v2\/product"}],"about":[{"href":"https:\/\/www.silvian.nl\/zh-hans\/wp-json\/wp\/v2\/types\/product"}],"wp:featuredmedia":[{"embeddable":true,"href":"https:\/\/www.silvian.nl\/zh-hans\/wp-json\/wp\/v2\/media\/110776"}],"wp:attachment":[{"href":"https:\/\/www.silvian.nl\/zh-hans\/wp-json\/wp\/v2\/media?parent=110789"}],"wp:term":[{"taxonomy":"product_cat","embeddable":true,"href":"https:\/\/www.silvian.nl\/zh-hans\/wp-json\/wp\/v2\/product_cat?post=110789"},{"taxonomy":"product_tag","embeddable":true,"href":"https:\/\/www.silvian.nl\/zh-hans\/wp-json\/wp\/v2\/product_tag?post=110789"}],"curies":[{"name":"wp","href":"https:\/\/api.w.org\/{rel}","templated":true}]}}