{"id":110747,"date":"2024-12-09T13:12:56","date_gmt":"2024-12-09T13:12:56","guid":{"rendered":"https:\/\/www.silvian.nl\/product\/druddigon-2\/"},"modified":"2024-12-09T13:12:57","modified_gmt":"2024-12-09T13:12:57","slug":"druddigon-2","status":"publish","type":"product","link":"https:\/\/www.silvian.nl\/zh-hans\/product\/druddigon-2\/","title":{"rendered":"Druddigon"},"content":{"rendered":"<p>Switch 1 of your opponent&#8217;s Benched Pok\u00e9mon with their Active Pok\u00e9mon. This attack does 30 damage to the new Active Pok\u00e9mon.<\/p>\n","protected":false},"excerpt":{"rendered":"<p>The red skin on its face is harder than rock. In narrow caves, it squares off against its enemies and charges face-first right into them.<\/p>\n","protected":false},"featured_media":110734,"template":"","meta":[],"product_cat":[4493,5110],"product_tag":[],"class_list":{"0":"post-110747","1":"product","2":"type-product","3":"status-publish","4":"has-post-thumbnail","6":"product_cat-sun-moon","7":"product_cat-unified-minds","9":"first","10":"outofstock","11":"shipping-taxable","12":"product-type-simple"},"_links":{"self":[{"href":"https:\/\/www.silvian.nl\/zh-hans\/wp-json\/wp\/v2\/product\/110747","targetHints":{"allow":["GET"]}}],"collection":[{"href":"https:\/\/www.silvian.nl\/zh-hans\/wp-json\/wp\/v2\/product"}],"about":[{"href":"https:\/\/www.silvian.nl\/zh-hans\/wp-json\/wp\/v2\/types\/product"}],"wp:featuredmedia":[{"embeddable":true,"href":"https:\/\/www.silvian.nl\/zh-hans\/wp-json\/wp\/v2\/media\/110734"}],"wp:attachment":[{"href":"https:\/\/www.silvian.nl\/zh-hans\/wp-json\/wp\/v2\/media?parent=110747"}],"wp:term":[{"taxonomy":"product_cat","embeddable":true,"href":"https:\/\/www.silvian.nl\/zh-hans\/wp-json\/wp\/v2\/product_cat?post=110747"},{"taxonomy":"product_tag","embeddable":true,"href":"https:\/\/www.silvian.nl\/zh-hans\/wp-json\/wp\/v2\/product_tag?post=110747"}],"curies":[{"name":"wp","href":"https:\/\/api.w.org\/{rel}","templated":true}]}}