{"id":110299,"date":"2024-12-09T13:11:20","date_gmt":"2024-12-09T13:11:20","guid":{"rendered":"https:\/\/www.silvian.nl\/product\/umbreon-darkrai-gx\/"},"modified":"2024-12-09T13:11:21","modified_gmt":"2024-12-09T13:11:21","slug":"umbreon-darkrai-gx","status":"publish","type":"product","link":"https:\/\/www.silvian.nl\/zh-hans\/product\/umbreon-darkrai-gx\/","title":{"rendered":"Umbreon &#038; Darkrai-GX"},"content":{"rendered":"<p>This attack does 60 damage to 1 of your opponent&#8217;s Benched Pok\u00e9mon-GX or Benched Pok\u00e9mon-EX. (Don&#8217;t apply Weakness and Resistance for Benched Pok\u00e9mon.)<\/p>\n","protected":false},"excerpt":{"rendered":"<p>This attack does 60 damage to 1 of your opponent&#8217; [&#8230;]\n","protected":false},"featured_media":110286,"template":"","meta":[],"product_cat":[4493,5110],"product_tag":[],"class_list":{"0":"post-110299","1":"product","2":"type-product","3":"status-publish","4":"has-post-thumbnail","6":"product_cat-sun-moon","7":"product_cat-unified-minds","9":"first","10":"outofstock","11":"shipping-taxable","12":"product-type-simple"},"_links":{"self":[{"href":"https:\/\/www.silvian.nl\/zh-hans\/wp-json\/wp\/v2\/product\/110299","targetHints":{"allow":["GET"]}}],"collection":[{"href":"https:\/\/www.silvian.nl\/zh-hans\/wp-json\/wp\/v2\/product"}],"about":[{"href":"https:\/\/www.silvian.nl\/zh-hans\/wp-json\/wp\/v2\/types\/product"}],"wp:featuredmedia":[{"embeddable":true,"href":"https:\/\/www.silvian.nl\/zh-hans\/wp-json\/wp\/v2\/media\/110286"}],"wp:attachment":[{"href":"https:\/\/www.silvian.nl\/zh-hans\/wp-json\/wp\/v2\/media?parent=110299"}],"wp:term":[{"taxonomy":"product_cat","embeddable":true,"href":"https:\/\/www.silvian.nl\/zh-hans\/wp-json\/wp\/v2\/product_cat?post=110299"},{"taxonomy":"product_tag","embeddable":true,"href":"https:\/\/www.silvian.nl\/zh-hans\/wp-json\/wp\/v2\/product_tag?post=110299"}],"curies":[{"name":"wp","href":"https:\/\/api.w.org\/{rel}","templated":true}]}}