{"id":105344,"date":"2024-12-09T11:58:34","date_gmt":"2024-12-09T11:58:34","guid":{"rendered":"https:\/\/www.silvian.nl\/product\/venomoth-6\/"},"modified":"2024-12-09T11:58:34","modified_gmt":"2024-12-09T11:58:34","slug":"venomoth-6","status":"publish","type":"product","link":"https:\/\/www.silvian.nl\/zh-hans\/product\/venomoth-6\/","title":{"rendered":"Venomoth"},"content":{"rendered":"<p>You can use this attack only if your opponent&#8217;s Active Pok\u00e9mon is affected by a Special Condition. This attack does 90 damage to 1 of your opponent&#8217;s Benched Pok\u00e9mon. (Don&#8217;t apply Weakness and Resistance for Benched Pok\u00e9mon.)<\/p>\n","protected":false},"excerpt":{"rendered":"<p>The scales it scatters will paralyze anyone who touches them, making that person unable to stand.<\/p>\n","protected":false},"featured_media":105331,"template":"","meta":[],"product_cat":[4493,5036],"product_tag":[],"class_list":{"0":"post-105344","1":"product","2":"type-product","3":"status-publish","4":"has-post-thumbnail","6":"product_cat-sun-moon","7":"product_cat-unbroken-bonds","9":"first","10":"outofstock","11":"shipping-taxable","12":"product-type-simple"},"_links":{"self":[{"href":"https:\/\/www.silvian.nl\/zh-hans\/wp-json\/wp\/v2\/product\/105344","targetHints":{"allow":["GET"]}}],"collection":[{"href":"https:\/\/www.silvian.nl\/zh-hans\/wp-json\/wp\/v2\/product"}],"about":[{"href":"https:\/\/www.silvian.nl\/zh-hans\/wp-json\/wp\/v2\/types\/product"}],"wp:featuredmedia":[{"embeddable":true,"href":"https:\/\/www.silvian.nl\/zh-hans\/wp-json\/wp\/v2\/media\/105331"}],"wp:attachment":[{"href":"https:\/\/www.silvian.nl\/zh-hans\/wp-json\/wp\/v2\/media?parent=105344"}],"wp:term":[{"taxonomy":"product_cat","embeddable":true,"href":"https:\/\/www.silvian.nl\/zh-hans\/wp-json\/wp\/v2\/product_cat?post=105344"},{"taxonomy":"product_tag","embeddable":true,"href":"https:\/\/www.silvian.nl\/zh-hans\/wp-json\/wp\/v2\/product_tag?post=105344"}],"curies":[{"name":"wp","href":"https:\/\/api.w.org\/{rel}","templated":true}]}}