{"id":129253,"date":"2024-12-16T15:28:21","date_gmt":"2024-12-16T15:28:21","guid":{"rendered":"https:\/\/www.silvian.nl\/product\/primal-kyogre-ex-2\/"},"modified":"2024-12-16T15:28:21","modified_gmt":"2024-12-16T15:28:21","slug":"primal-kyogre-ex-2","status":"publish","type":"product","link":"https:\/\/www.silvian.nl\/sv\/produkt\/primal-kyogre-ex-2\/","title":{"rendered":"Primal Kyogre-EX"},"content":{"rendered":"<p>Move 2 Energy from this Pok\u00e9mon to 1 of your Benched Pok\u00e9mon. This attack does 30 damage to each of your opponent&#8217;s Benched Pok\u00e9mon-EX. (Don&#8217;t apply Weakness and Resistance for Benched Pok\u00e9mon.)<\/p>\n","protected":false},"excerpt":{"rendered":"<p>Move 2 Energy from this Pok\u00e9mon to 1 of your Benched Pok\u00e9mon. This attack does 30 damage to each of your opponent&#8217;s Benched Pok\u00e9mon-EX. (Don&#8217;t apply Weakness and Resistance for Benched Pok\u00e9mon.)<\/p>\n","protected":false},"featured_media":129240,"template":"","meta":[],"product_cat":[5501,5314],"product_tag":[],"class_list":{"0":"post-129253","1":"product","2":"type-product","3":"status-publish","4":"has-post-thumbnail","6":"product_cat-primal-clash","7":"product_cat-xy","9":"first","10":"outofstock","11":"shipping-taxable","12":"product-type-simple"},"_links":{"self":[{"href":"https:\/\/www.silvian.nl\/sv\/wp-json\/wp\/v2\/product\/129253","targetHints":{"allow":["GET"]}}],"collection":[{"href":"https:\/\/www.silvian.nl\/sv\/wp-json\/wp\/v2\/product"}],"about":[{"href":"https:\/\/www.silvian.nl\/sv\/wp-json\/wp\/v2\/types\/product"}],"wp:featuredmedia":[{"embeddable":true,"href":"https:\/\/www.silvian.nl\/sv\/wp-json\/wp\/v2\/media\/129240"}],"wp:attachment":[{"href":"https:\/\/www.silvian.nl\/sv\/wp-json\/wp\/v2\/media?parent=129253"}],"wp:term":[{"taxonomy":"product_cat","embeddable":true,"href":"https:\/\/www.silvian.nl\/sv\/wp-json\/wp\/v2\/product_cat?post=129253"},{"taxonomy":"product_tag","embeddable":true,"href":"https:\/\/www.silvian.nl\/sv\/wp-json\/wp\/v2\/product_tag?post=129253"}],"curies":[{"name":"wp","href":"https:\/\/api.w.org\/{rel}","templated":true}]}}