{"id":99817,"date":"2024-12-09T10:56:46","date_gmt":"2024-12-09T10:56:46","guid":{"rendered":"https:\/\/www.silvian.nl\/product\/delibird-4\/"},"modified":"2024-12-09T11:15:26","modified_gmt":"2024-12-09T11:15:26","slug":"delibird-4","status":"publish","type":"product","link":"https:\/\/www.silvian.nl\/pt-pt\/produto\/delibird-4\/","title":{"rendered":"Delibird"},"content":{"rendered":"<p>Choose any number of your Benched Pok\u00e9mon that don&#8217;t already have a Pok\u00e9mon Tool attached to them. For each of those Pok\u00e9mon, search your deck for a Pok\u00e9mon Tool card and attach it to that Pok\u00e9mon. Then, shuffle your deck.<\/p>\n","protected":false},"excerpt":{"rendered":"<p>It has a generous habit of sharing its food with people and Pok\u00e9mon, so it&#8217;s always scrounging around for more food.<\/p>\n","protected":false},"featured_media":99804,"template":"","meta":[],"product_cat":[4985,4493],"product_tag":[],"class_list":{"0":"post-99817","1":"product","2":"type-product","3":"status-publish","4":"has-post-thumbnail","6":"product_cat-lost-thunder","7":"product_cat-sun-moon","9":"first","10":"outofstock","11":"shipping-taxable","12":"product-type-simple"},"_links":{"self":[{"href":"https:\/\/www.silvian.nl\/pt-pt\/wp-json\/wp\/v2\/product\/99817","targetHints":{"allow":["GET"]}}],"collection":[{"href":"https:\/\/www.silvian.nl\/pt-pt\/wp-json\/wp\/v2\/product"}],"about":[{"href":"https:\/\/www.silvian.nl\/pt-pt\/wp-json\/wp\/v2\/types\/product"}],"wp:featuredmedia":[{"embeddable":true,"href":"https:\/\/www.silvian.nl\/pt-pt\/wp-json\/wp\/v2\/media\/99804"}],"wp:attachment":[{"href":"https:\/\/www.silvian.nl\/pt-pt\/wp-json\/wp\/v2\/media?parent=99817"}],"wp:term":[{"taxonomy":"product_cat","embeddable":true,"href":"https:\/\/www.silvian.nl\/pt-pt\/wp-json\/wp\/v2\/product_cat?post=99817"},{"taxonomy":"product_tag","embeddable":true,"href":"https:\/\/www.silvian.nl\/pt-pt\/wp-json\/wp\/v2\/product_tag?post=99817"}],"curies":[{"name":"wp","href":"https:\/\/api.w.org\/{rel}","templated":true}]}}