{"id":97004,"date":"2024-12-03T10:44:30","date_gmt":"2024-12-03T10:44:30","guid":{"rendered":"https:\/\/www.silvian.nl\/product\/luvdisc-4\/"},"modified":"2024-12-05T00:56:47","modified_gmt":"2024-12-05T00:56:47","slug":"luvdisc-4","status":"publish","type":"product","link":"https:\/\/www.silvian.nl\/pt-pt\/produto\/luvdisc-4\/","title":{"rendered":"Luvdisc"},"content":{"rendered":"<p>Search your deck for a number of Basic Pok\u00e9mon up to the number of your opponent&#8217;s Benched Pok\u00e9mon and put those Pok\u00e9mon onto your Bench. Then, shuffle your deck.<\/p>\n","protected":false},"excerpt":{"rendered":"<p>Loving couples have a soft spot for this Pok\u00e9mon, so honeymoon hotels often release this Pok\u00e9mon into their pools.<\/p>\n","protected":false},"featured_media":96991,"template":"","meta":[],"product_cat":[4838,4493],"product_tag":[],"class_list":{"0":"post-97004","1":"product","2":"type-product","3":"status-publish","4":"has-post-thumbnail","6":"product_cat-celestial-storm","7":"product_cat-sun-moon","9":"first","10":"outofstock","11":"shipping-taxable","12":"product-type-simple"},"_links":{"self":[{"href":"https:\/\/www.silvian.nl\/pt-pt\/wp-json\/wp\/v2\/product\/97004","targetHints":{"allow":["GET"]}}],"collection":[{"href":"https:\/\/www.silvian.nl\/pt-pt\/wp-json\/wp\/v2\/product"}],"about":[{"href":"https:\/\/www.silvian.nl\/pt-pt\/wp-json\/wp\/v2\/types\/product"}],"wp:featuredmedia":[{"embeddable":true,"href":"https:\/\/www.silvian.nl\/pt-pt\/wp-json\/wp\/v2\/media\/96991"}],"wp:attachment":[{"href":"https:\/\/www.silvian.nl\/pt-pt\/wp-json\/wp\/v2\/media?parent=97004"}],"wp:term":[{"taxonomy":"product_cat","embeddable":true,"href":"https:\/\/www.silvian.nl\/pt-pt\/wp-json\/wp\/v2\/product_cat?post=97004"},{"taxonomy":"product_tag","embeddable":true,"href":"https:\/\/www.silvian.nl\/pt-pt\/wp-json\/wp\/v2\/product_tag?post=97004"}],"curies":[{"name":"wp","href":"https:\/\/api.w.org\/{rel}","templated":true}]}}