{"id":9560,"date":"2024-11-21T13:43:27","date_gmt":"2024-11-21T13:43:27","guid":{"rendered":"https:\/\/www.silvian.nl\/product\/articuno-4\/"},"modified":"2024-12-04T21:56:12","modified_gmt":"2024-12-04T21:56:12","slug":"articuno-4","status":"publish","type":"product","link":"https:\/\/www.silvian.nl\/pt-pt\/produto\/articuno-4\/","title":{"rendered":"Articuno"},"content":{"rendered":"<p>Flip a coin. If heads, the Defending Pok\u00e9mon is now Paralyzed and this attack does 10 damage to each of your opponent&#8217;s Benched Pok\u00e9mon. (Don&#8217;t apply Weakness and Resistance for Benched Pok\u00e9mon.)<\/p>\n","protected":false},"excerpt":{"rendered":"<p>This legendary Pok\u00e9mon is said to freeze the water in the air during winter, causing snow.<\/p>\n","protected":false},"featured_media":9547,"template":"","meta":[],"product_cat":[296,2827],"product_tag":[],"class_list":{"0":"post-9560","1":"product","2":"type-product","3":"status-publish","4":"has-post-thumbnail","6":"product_cat-base","7":"product_cat-wizards-black-star-promos","9":"first","10":"outofstock","11":"shipping-taxable","12":"product-type-simple"},"_links":{"self":[{"href":"https:\/\/www.silvian.nl\/pt-pt\/wp-json\/wp\/v2\/product\/9560","targetHints":{"allow":["GET"]}}],"collection":[{"href":"https:\/\/www.silvian.nl\/pt-pt\/wp-json\/wp\/v2\/product"}],"about":[{"href":"https:\/\/www.silvian.nl\/pt-pt\/wp-json\/wp\/v2\/types\/product"}],"wp:featuredmedia":[{"embeddable":true,"href":"https:\/\/www.silvian.nl\/pt-pt\/wp-json\/wp\/v2\/media\/9547"}],"wp:attachment":[{"href":"https:\/\/www.silvian.nl\/pt-pt\/wp-json\/wp\/v2\/media?parent=9560"}],"wp:term":[{"taxonomy":"product_cat","embeddable":true,"href":"https:\/\/www.silvian.nl\/pt-pt\/wp-json\/wp\/v2\/product_cat?post=9560"},{"taxonomy":"product_tag","embeddable":true,"href":"https:\/\/www.silvian.nl\/pt-pt\/wp-json\/wp\/v2\/product_tag?post=9560"}],"curies":[{"name":"wp","href":"https:\/\/api.w.org\/{rel}","templated":true}]}}