{"id":95451,"date":"2024-12-02T13:46:05","date_gmt":"2024-12-02T13:46:05","guid":{"rendered":"https:\/\/www.silvian.nl\/product\/floette-4\/"},"modified":"2024-12-05T00:55:24","modified_gmt":"2024-12-05T00:55:24","slug":"floette-4","status":"publish","type":"product","link":"https:\/\/www.silvian.nl\/pt-pt\/produto\/floette-4\/","title":{"rendered":"Floette"},"content":{"rendered":"<p>Switch 1 of your opponent&#8217;s Benched Pok\u00e9mon with their Active Pok\u00e9mon. If you do, switch this Pok\u00e9mon with 1 of your Benched Pok\u00e9mon.<\/p>\n","protected":false},"excerpt":{"rendered":"<p>When the flowers of a well-tended flower bed bloom, it appears and celebrates with an elegant dance.<\/p>\n","protected":false},"featured_media":95438,"template":"","meta":[],"product_cat":[4778,4493],"product_tag":[],"class_list":{"0":"post-95451","1":"product","2":"type-product","3":"status-publish","4":"has-post-thumbnail","6":"product_cat-forbidden-light","7":"product_cat-sun-moon","9":"first","10":"outofstock","11":"shipping-taxable","12":"product-type-simple"},"_links":{"self":[{"href":"https:\/\/www.silvian.nl\/pt-pt\/wp-json\/wp\/v2\/product\/95451","targetHints":{"allow":["GET"]}}],"collection":[{"href":"https:\/\/www.silvian.nl\/pt-pt\/wp-json\/wp\/v2\/product"}],"about":[{"href":"https:\/\/www.silvian.nl\/pt-pt\/wp-json\/wp\/v2\/types\/product"}],"wp:featuredmedia":[{"embeddable":true,"href":"https:\/\/www.silvian.nl\/pt-pt\/wp-json\/wp\/v2\/media\/95438"}],"wp:attachment":[{"href":"https:\/\/www.silvian.nl\/pt-pt\/wp-json\/wp\/v2\/media?parent=95451"}],"wp:term":[{"taxonomy":"product_cat","embeddable":true,"href":"https:\/\/www.silvian.nl\/pt-pt\/wp-json\/wp\/v2\/product_cat?post=95451"},{"taxonomy":"product_tag","embeddable":true,"href":"https:\/\/www.silvian.nl\/pt-pt\/wp-json\/wp\/v2\/product_tag?post=95451"}],"curies":[{"name":"wp","href":"https:\/\/api.w.org\/{rel}","templated":true}]}}