{"id":7902,"date":"2024-11-21T11:59:00","date_gmt":"2024-11-21T11:59:00","guid":{"rendered":"https:\/\/www.silvian.nl\/product\/butterfree-3\/"},"modified":"2024-12-04T21:50:25","modified_gmt":"2024-12-04T21:50:25","slug":"butterfree-3","status":"publish","type":"product","link":"https:\/\/www.silvian.nl\/pt-pt\/produto\/butterfree-3\/","title":{"rendered":"Butterfree"},"content":{"rendered":"<p>Your opponent switches the Defending Pok\u00e9mon with 1 of his or her Benched Pok\u00e9mon, if any. (Do the damage before switching the Pok\u00e9mon.)<\/p>\n","protected":false},"excerpt":{"rendered":"<p>In battle, it flaps its wings at high speed to release highly toxic dust into the air.<\/p>\n","protected":false},"featured_media":7889,"template":"","meta":[],"product_cat":[296,2826],"product_tag":[],"class_list":{"0":"post-7902","1":"product","2":"type-product","3":"status-publish","4":"has-post-thumbnail","6":"product_cat-base","7":"product_cat-base-set-6","9":"first","10":"outofstock","11":"shipping-taxable","12":"product-type-simple"},"_links":{"self":[{"href":"https:\/\/www.silvian.nl\/pt-pt\/wp-json\/wp\/v2\/product\/7902","targetHints":{"allow":["GET"]}}],"collection":[{"href":"https:\/\/www.silvian.nl\/pt-pt\/wp-json\/wp\/v2\/product"}],"about":[{"href":"https:\/\/www.silvian.nl\/pt-pt\/wp-json\/wp\/v2\/types\/product"}],"wp:featuredmedia":[{"embeddable":true,"href":"https:\/\/www.silvian.nl\/pt-pt\/wp-json\/wp\/v2\/media\/7889"}],"wp:attachment":[{"href":"https:\/\/www.silvian.nl\/pt-pt\/wp-json\/wp\/v2\/media?parent=7902"}],"wp:term":[{"taxonomy":"product_cat","embeddable":true,"href":"https:\/\/www.silvian.nl\/pt-pt\/wp-json\/wp\/v2\/product_cat?post=7902"},{"taxonomy":"product_tag","embeddable":true,"href":"https:\/\/www.silvian.nl\/pt-pt\/wp-json\/wp\/v2\/product_tag?post=7902"}],"curies":[{"name":"wp","href":"https:\/\/api.w.org\/{rel}","templated":true}]}}