{"id":7595,"date":"2024-11-21T11:06:04","date_gmt":"2024-11-21T11:06:04","guid":{"rendered":"https:\/\/www.silvian.nl\/product\/dark-raichu\/"},"modified":"2024-12-04T21:49:12","modified_gmt":"2024-12-04T21:49:12","slug":"dark-raichu","status":"publish","type":"product","link":"https:\/\/www.silvian.nl\/pt-pt\/produto\/dark-raichu\/","title":{"rendered":"Dark Raichu"},"content":{"rendered":"<p>Flip a coin. If heads, flip another coin. If the second coin is heads, this attack does 20 damage to each of your opponent&#8217;s Benched Pok\u00e9mon. If the second coin is tails, this attack does 10 damage to each of your opponent&#8217;s Benched Pok\u00e9mon. (Don&#8217;t apply Weakness and Resistance for Benched Pok\u00e9mon.)<\/p>\n","protected":false},"excerpt":{"rendered":"<p>Stores up electricity in its body, then suddenly releases it to surprise and shock everyone.<\/p>\n","protected":false},"featured_media":7582,"template":"","meta":[],"product_cat":[296,2825],"product_tag":[],"class_list":{"0":"post-7595","1":"product","2":"type-product","3":"status-publish","4":"has-post-thumbnail","6":"product_cat-base","7":"product_cat-base-set-5","9":"first","10":"outofstock","11":"shipping-taxable","12":"product-type-simple"},"_links":{"self":[{"href":"https:\/\/www.silvian.nl\/pt-pt\/wp-json\/wp\/v2\/product\/7595","targetHints":{"allow":["GET"]}}],"collection":[{"href":"https:\/\/www.silvian.nl\/pt-pt\/wp-json\/wp\/v2\/product"}],"about":[{"href":"https:\/\/www.silvian.nl\/pt-pt\/wp-json\/wp\/v2\/types\/product"}],"wp:featuredmedia":[{"embeddable":true,"href":"https:\/\/www.silvian.nl\/pt-pt\/wp-json\/wp\/v2\/media\/7582"}],"wp:attachment":[{"href":"https:\/\/www.silvian.nl\/pt-pt\/wp-json\/wp\/v2\/media?parent=7595"}],"wp:term":[{"taxonomy":"product_cat","embeddable":true,"href":"https:\/\/www.silvian.nl\/pt-pt\/wp-json\/wp\/v2\/product_cat?post=7595"},{"taxonomy":"product_tag","embeddable":true,"href":"https:\/\/www.silvian.nl\/pt-pt\/wp-json\/wp\/v2\/product_tag?post=7595"}],"curies":[{"name":"wp","href":"https:\/\/api.w.org\/{rel}","templated":true}]}}