{"id":73973,"date":"2024-11-27T19:54:42","date_gmt":"2024-11-27T19:54:42","guid":{"rendered":"https:\/\/www.silvian.nl\/product\/radiant-greninja\/"},"modified":"2024-12-05T00:18:26","modified_gmt":"2024-12-05T00:18:26","slug":"radiant-greninja","status":"publish","type":"product","link":"https:\/\/www.silvian.nl\/pt-pt\/produto\/radiant-greninja\/","title":{"rendered":"Radiant Greninja"},"content":{"rendered":"<p>Discard 2 Energy from this Pok\u00e9mon. This attack does 90 damage to 2 of your opponent&#8217;s Pok\u00e9mon. (Don&#8217;t apply Weakness and Resistance for Benched Pok\u00e9mon.)<\/p>\n","protected":false},"excerpt":{"rendered":"<p>It appears and vanishes with a ninja&#8217;s grace. It toys with its enemies using swift movements, while slicing them with throwing stars of sharpest water.<\/p>\n","protected":false},"featured_media":73960,"template":"","meta":[],"product_cat":[4198,2971],"product_tag":[],"class_list":{"0":"post-73973","1":"product","2":"type-product","3":"status-publish","4":"has-post-thumbnail","6":"product_cat-astral-radiance","7":"product_cat-sword-shield","9":"first","10":"outofstock","11":"shipping-taxable","12":"product-type-simple"},"_links":{"self":[{"href":"https:\/\/www.silvian.nl\/pt-pt\/wp-json\/wp\/v2\/product\/73973","targetHints":{"allow":["GET"]}}],"collection":[{"href":"https:\/\/www.silvian.nl\/pt-pt\/wp-json\/wp\/v2\/product"}],"about":[{"href":"https:\/\/www.silvian.nl\/pt-pt\/wp-json\/wp\/v2\/types\/product"}],"wp:featuredmedia":[{"embeddable":true,"href":"https:\/\/www.silvian.nl\/pt-pt\/wp-json\/wp\/v2\/media\/73960"}],"wp:attachment":[{"href":"https:\/\/www.silvian.nl\/pt-pt\/wp-json\/wp\/v2\/media?parent=73973"}],"wp:term":[{"taxonomy":"product_cat","embeddable":true,"href":"https:\/\/www.silvian.nl\/pt-pt\/wp-json\/wp\/v2\/product_cat?post=73973"},{"taxonomy":"product_tag","embeddable":true,"href":"https:\/\/www.silvian.nl\/pt-pt\/wp-json\/wp\/v2\/product_tag?post=73973"}],"curies":[{"name":"wp","href":"https:\/\/api.w.org\/{rel}","templated":true}]}}