{"id":72028,"date":"2024-11-27T19:03:38","date_gmt":"2024-11-27T19:03:38","guid":{"rendered":"https:\/\/www.silvian.nl\/product\/grimmsnarl-4\/"},"modified":"2024-12-05T00:15:43","modified_gmt":"2024-12-05T00:15:43","slug":"grimmsnarl-4","status":"publish","type":"product","link":"https:\/\/www.silvian.nl\/pt-pt\/produto\/grimmsnarl-4\/","title":{"rendered":"Grimmsnarl"},"content":{"rendered":"<p>This attack does 30 damage to 1 of your opponent&#8217;s Pok\u00e9mon for each Darkness Energy attached to this Pok\u00e9mon. (Don&#8217;t apply Weakness and Resistance for Benched Pok\u00e9mon.)<\/p>\n","protected":false},"excerpt":{"rendered":"<p>With the hair wrapped around its body helping to enhance its muscles, this Pok\u00e9mon can overwhelm even Machamp.<\/p>\n","protected":false},"featured_media":72015,"template":"","meta":[],"product_cat":[4106,2971],"product_tag":[],"class_list":{"0":"post-72028","1":"product","2":"type-product","3":"status-publish","4":"has-post-thumbnail","6":"product_cat-brilliant-stars","7":"product_cat-sword-shield","9":"first","10":"outofstock","11":"shipping-taxable","12":"product-type-simple"},"_links":{"self":[{"href":"https:\/\/www.silvian.nl\/pt-pt\/wp-json\/wp\/v2\/product\/72028","targetHints":{"allow":["GET"]}}],"collection":[{"href":"https:\/\/www.silvian.nl\/pt-pt\/wp-json\/wp\/v2\/product"}],"about":[{"href":"https:\/\/www.silvian.nl\/pt-pt\/wp-json\/wp\/v2\/types\/product"}],"wp:featuredmedia":[{"embeddable":true,"href":"https:\/\/www.silvian.nl\/pt-pt\/wp-json\/wp\/v2\/media\/72015"}],"wp:attachment":[{"href":"https:\/\/www.silvian.nl\/pt-pt\/wp-json\/wp\/v2\/media?parent=72028"}],"wp:term":[{"taxonomy":"product_cat","embeddable":true,"href":"https:\/\/www.silvian.nl\/pt-pt\/wp-json\/wp\/v2\/product_cat?post=72028"},{"taxonomy":"product_tag","embeddable":true,"href":"https:\/\/www.silvian.nl\/pt-pt\/wp-json\/wp\/v2\/product_tag?post=72028"}],"curies":[{"name":"wp","href":"https:\/\/api.w.org\/{rel}","templated":true}]}}