{"id":62388,"date":"2024-11-27T08:03:34","date_gmt":"2024-11-27T08:03:34","guid":{"rendered":"https:\/\/www.silvian.nl\/product\/zeraora-v-3\/"},"modified":"2024-12-04T23:58:48","modified_gmt":"2024-12-04T23:58:48","slug":"zeraora-v-3","status":"publish","type":"product","link":"https:\/\/www.silvian.nl\/pt-pt\/produto\/zeraora-v-3\/","title":{"rendered":"Zeraora V"},"content":{"rendered":"<p>If 1 of your other Rapid Strike Pok\u00e9mon used an attack during your last turn, this attack also does 160 damage to 1 of your opponent&#8217;s Benched Pok\u00e9mon. (Don&#8217;t apply Weakness and Resistance for Benched Pok\u00e9mon.)<\/p>\n","protected":false},"excerpt":{"rendered":"<p>If 1 of your other Rapid Strike Pok\u00e9mon used an attack during your last turn, this attack also does 160 damage to 1 of your opponent&#8217;s Benched Pok\u00e9mon. (Don&#8217;t apply Weakness and Resistance for Benched Pok\u00e9mon.)<\/p>\n","protected":false},"featured_media":62375,"template":"","meta":[],"product_cat":[3785,2971],"product_tag":[],"class_list":{"0":"post-62388","1":"product","2":"type-product","3":"status-publish","4":"has-post-thumbnail","6":"product_cat-chilling-reign","7":"product_cat-sword-shield","9":"first","10":"outofstock","11":"shipping-taxable","12":"product-type-simple"},"_links":{"self":[{"href":"https:\/\/www.silvian.nl\/pt-pt\/wp-json\/wp\/v2\/product\/62388","targetHints":{"allow":["GET"]}}],"collection":[{"href":"https:\/\/www.silvian.nl\/pt-pt\/wp-json\/wp\/v2\/product"}],"about":[{"href":"https:\/\/www.silvian.nl\/pt-pt\/wp-json\/wp\/v2\/types\/product"}],"wp:featuredmedia":[{"embeddable":true,"href":"https:\/\/www.silvian.nl\/pt-pt\/wp-json\/wp\/v2\/media\/62375"}],"wp:attachment":[{"href":"https:\/\/www.silvian.nl\/pt-pt\/wp-json\/wp\/v2\/media?parent=62388"}],"wp:term":[{"taxonomy":"product_cat","embeddable":true,"href":"https:\/\/www.silvian.nl\/pt-pt\/wp-json\/wp\/v2\/product_cat?post=62388"},{"taxonomy":"product_tag","embeddable":true,"href":"https:\/\/www.silvian.nl\/pt-pt\/wp-json\/wp\/v2\/product_tag?post=62388"}],"curies":[{"name":"wp","href":"https:\/\/api.w.org\/{rel}","templated":true}]}}