{"id":56317,"date":"2024-11-26T10:58:59","date_gmt":"2024-11-26T10:58:59","guid":{"rendered":"https:\/\/www.silvian.nl\/product\/ferrothorn-4\/"},"modified":"2024-12-04T23:52:32","modified_gmt":"2024-12-04T23:52:32","slug":"ferrothorn-4","status":"publish","type":"product","link":"https:\/\/www.silvian.nl\/pt-pt\/produto\/ferrothorn-4\/","title":{"rendered":"Ferrothorn"},"content":{"rendered":"<p>This attack does 30 damage for each Metal Energy attached to this Pok\u00e9mon. Switch this Pok\u00e9mon with 1 of your Benched Pok\u00e9mon.<\/p>\n","protected":false},"excerpt":{"rendered":"<p>This Pok\u00e9mon scrapes its spikes across rocks, and then uses the tips of its feelers to absorb the nutrients it finds within the stone.<\/p>\n","protected":false},"featured_media":56304,"template":"","meta":[],"product_cat":[2971,3591],"product_tag":[],"class_list":{"0":"post-56317","1":"product","2":"type-product","3":"status-publish","4":"has-post-thumbnail","6":"product_cat-sword-shield","7":"product_cat-vivid-voltage","9":"first","10":"outofstock","11":"shipping-taxable","12":"product-type-simple"},"_links":{"self":[{"href":"https:\/\/www.silvian.nl\/pt-pt\/wp-json\/wp\/v2\/product\/56317","targetHints":{"allow":["GET"]}}],"collection":[{"href":"https:\/\/www.silvian.nl\/pt-pt\/wp-json\/wp\/v2\/product"}],"about":[{"href":"https:\/\/www.silvian.nl\/pt-pt\/wp-json\/wp\/v2\/types\/product"}],"wp:featuredmedia":[{"embeddable":true,"href":"https:\/\/www.silvian.nl\/pt-pt\/wp-json\/wp\/v2\/media\/56304"}],"wp:attachment":[{"href":"https:\/\/www.silvian.nl\/pt-pt\/wp-json\/wp\/v2\/media?parent=56317"}],"wp:term":[{"taxonomy":"product_cat","embeddable":true,"href":"https:\/\/www.silvian.nl\/pt-pt\/wp-json\/wp\/v2\/product_cat?post=56317"},{"taxonomy":"product_tag","embeddable":true,"href":"https:\/\/www.silvian.nl\/pt-pt\/wp-json\/wp\/v2\/product_tag?post=56317"}],"curies":[{"name":"wp","href":"https:\/\/api.w.org\/{rel}","templated":true}]}}