{"id":55435,"date":"2024-11-26T10:45:02","date_gmt":"2024-11-26T10:45:02","guid":{"rendered":"https:\/\/www.silvian.nl\/product\/zeraora-4\/"},"modified":"2024-12-04T23:50:56","modified_gmt":"2024-12-04T23:50:56","slug":"zeraora-4","status":"publish","type":"product","link":"https:\/\/www.silvian.nl\/pt-pt\/produto\/zeraora-4\/","title":{"rendered":"Zeraora"},"content":{"rendered":"<p>If your opponent&#8217;s Active Pok\u00e9mon is a Pok\u00e9mon V or Pok\u00e9mon-GX, this attack does 80 more damage.<\/p>\n","protected":false},"excerpt":{"rendered":"<p>It runs as fast as lightning strikes, shredding its opponents with its high-voltage claws.<\/p>\n","protected":false},"featured_media":55422,"template":"","meta":[],"product_cat":[2971,3591],"product_tag":[],"class_list":{"0":"post-55435","1":"product","2":"type-product","3":"status-publish","4":"has-post-thumbnail","6":"product_cat-sword-shield","7":"product_cat-vivid-voltage","9":"first","10":"outofstock","11":"shipping-taxable","12":"product-type-simple"},"_links":{"self":[{"href":"https:\/\/www.silvian.nl\/pt-pt\/wp-json\/wp\/v2\/product\/55435","targetHints":{"allow":["GET"]}}],"collection":[{"href":"https:\/\/www.silvian.nl\/pt-pt\/wp-json\/wp\/v2\/product"}],"about":[{"href":"https:\/\/www.silvian.nl\/pt-pt\/wp-json\/wp\/v2\/types\/product"}],"wp:featuredmedia":[{"embeddable":true,"href":"https:\/\/www.silvian.nl\/pt-pt\/wp-json\/wp\/v2\/media\/55422"}],"wp:attachment":[{"href":"https:\/\/www.silvian.nl\/pt-pt\/wp-json\/wp\/v2\/media?parent=55435"}],"wp:term":[{"taxonomy":"product_cat","embeddable":true,"href":"https:\/\/www.silvian.nl\/pt-pt\/wp-json\/wp\/v2\/product_cat?post=55435"},{"taxonomy":"product_tag","embeddable":true,"href":"https:\/\/www.silvian.nl\/pt-pt\/wp-json\/wp\/v2\/product_tag?post=55435"}],"curies":[{"name":"wp","href":"https:\/\/api.w.org\/{rel}","templated":true}]}}