{"id":53597,"date":"2024-11-26T08:35:28","date_gmt":"2024-11-26T08:35:28","guid":{"rendered":"https:\/\/www.silvian.nl\/product\/delcatty-2\/"},"modified":"2024-12-04T23:46:20","modified_gmt":"2024-12-04T23:46:20","slug":"delcatty-2","status":"publish","type":"product","link":"https:\/\/www.silvian.nl\/pt-pt\/produto\/delcatty-2\/","title":{"rendered":"Delcatty"},"content":{"rendered":"<p>Switch 1 of your opponent&#8217;s Benched Pok\u00e9mon with their Active Pok\u00e9mon. The new Active Pok\u00e9mon is now Confused.<\/p>\n","protected":false},"excerpt":{"rendered":"<p>It is highly popular among female Trainers for its sublime fur. It does not keep a nest.<\/p>\n","protected":false},"featured_media":53584,"template":"","meta":[],"product_cat":[3466,2971],"product_tag":[],"class_list":{"0":"post-53597","1":"product","2":"type-product","3":"status-publish","4":"has-post-thumbnail","6":"product_cat-darkness-ablaze","7":"product_cat-sword-shield","9":"first","10":"outofstock","11":"shipping-taxable","12":"product-type-simple"},"_links":{"self":[{"href":"https:\/\/www.silvian.nl\/pt-pt\/wp-json\/wp\/v2\/product\/53597","targetHints":{"allow":["GET"]}}],"collection":[{"href":"https:\/\/www.silvian.nl\/pt-pt\/wp-json\/wp\/v2\/product"}],"about":[{"href":"https:\/\/www.silvian.nl\/pt-pt\/wp-json\/wp\/v2\/types\/product"}],"wp:featuredmedia":[{"embeddable":true,"href":"https:\/\/www.silvian.nl\/pt-pt\/wp-json\/wp\/v2\/media\/53584"}],"wp:attachment":[{"href":"https:\/\/www.silvian.nl\/pt-pt\/wp-json\/wp\/v2\/media?parent=53597"}],"wp:term":[{"taxonomy":"product_cat","embeddable":true,"href":"https:\/\/www.silvian.nl\/pt-pt\/wp-json\/wp\/v2\/product_cat?post=53597"},{"taxonomy":"product_tag","embeddable":true,"href":"https:\/\/www.silvian.nl\/pt-pt\/wp-json\/wp\/v2\/product_tag?post=53597"}],"curies":[{"name":"wp","href":"https:\/\/api.w.org\/{rel}","templated":true}]}}