{"id":53023,"date":"2024-11-26T08:26:20","date_gmt":"2024-11-26T08:26:20","guid":{"rendered":"https:\/\/www.silvian.nl\/product\/muk-6\/"},"modified":"2024-12-04T23:45:09","modified_gmt":"2024-12-04T23:45:09","slug":"muk-6","status":"publish","type":"product","link":"https:\/\/www.silvian.nl\/pt-pt\/produto\/muk-6\/","title":{"rendered":"Muk"},"content":{"rendered":"<p>Your opponent&#8217;s Active Pok\u00e9mon is now Poisoned. During Pok\u00e9mon Checkup, put 3 damage counters on that Pok\u00e9mon instead of 1.<\/p>\n","protected":false},"excerpt":{"rendered":"<p>Because they scatter germs everywhere, they&#8217;ve long been targeted for extermination, leading to a steep decline in their population.<\/p>\n","protected":false},"featured_media":53010,"template":"","meta":[],"product_cat":[3466,2971],"product_tag":[],"class_list":{"0":"post-53023","1":"product","2":"type-product","3":"status-publish","4":"has-post-thumbnail","6":"product_cat-darkness-ablaze","7":"product_cat-sword-shield","9":"first","10":"outofstock","11":"shipping-taxable","12":"product-type-simple"},"_links":{"self":[{"href":"https:\/\/www.silvian.nl\/pt-pt\/wp-json\/wp\/v2\/product\/53023","targetHints":{"allow":["GET"]}}],"collection":[{"href":"https:\/\/www.silvian.nl\/pt-pt\/wp-json\/wp\/v2\/product"}],"about":[{"href":"https:\/\/www.silvian.nl\/pt-pt\/wp-json\/wp\/v2\/types\/product"}],"wp:featuredmedia":[{"embeddable":true,"href":"https:\/\/www.silvian.nl\/pt-pt\/wp-json\/wp\/v2\/media\/53010"}],"wp:attachment":[{"href":"https:\/\/www.silvian.nl\/pt-pt\/wp-json\/wp\/v2\/media?parent=53023"}],"wp:term":[{"taxonomy":"product_cat","embeddable":true,"href":"https:\/\/www.silvian.nl\/pt-pt\/wp-json\/wp\/v2\/product_cat?post=53023"},{"taxonomy":"product_tag","embeddable":true,"href":"https:\/\/www.silvian.nl\/pt-pt\/wp-json\/wp\/v2\/product_tag?post=53023"}],"curies":[{"name":"wp","href":"https:\/\/api.w.org\/{rel}","templated":true}]}}