{"id":44756,"date":"2024-11-25T17:01:27","date_gmt":"2024-11-25T17:01:27","guid":{"rendered":"https:\/\/www.silvian.nl\/product\/vivillon-3\/"},"modified":"2024-12-04T23:21:29","modified_gmt":"2024-12-04T23:21:29","slug":"vivillon-3","status":"publish","type":"product","link":"https:\/\/www.silvian.nl\/pt-pt\/produto\/vivillon-3\/","title":{"rendered":"Vivillon"},"content":{"rendered":"<p>For each of your Benched Pok\u00e9mon, search your deck for a card that evolves from that Pok\u00e9mon and put it onto that Pok\u00e9mon to evolve it. Then, shuffle your deck.<\/p>\n","protected":false},"excerpt":{"rendered":"<p>For each of your Benched Pok\u00e9mon, search your deck for a card that evolves from that Pok\u00e9mon and put it onto that Pok\u00e9mon to evolve it. Then, shuffle your deck.<\/p>\n","protected":false},"featured_media":44743,"template":"","meta":[],"product_cat":[999,3066],"product_tag":[],"class_list":{"0":"post-44756","1":"product","2":"type-product","3":"status-publish","4":"has-post-thumbnail","6":"product_cat-scarlet-violet","7":"product_cat-surging-sparks","9":"first","10":"outofstock","11":"shipping-taxable","12":"product-type-simple"},"_links":{"self":[{"href":"https:\/\/www.silvian.nl\/pt-pt\/wp-json\/wp\/v2\/product\/44756","targetHints":{"allow":["GET"]}}],"collection":[{"href":"https:\/\/www.silvian.nl\/pt-pt\/wp-json\/wp\/v2\/product"}],"about":[{"href":"https:\/\/www.silvian.nl\/pt-pt\/wp-json\/wp\/v2\/types\/product"}],"wp:featuredmedia":[{"embeddable":true,"href":"https:\/\/www.silvian.nl\/pt-pt\/wp-json\/wp\/v2\/media\/44743"}],"wp:attachment":[{"href":"https:\/\/www.silvian.nl\/pt-pt\/wp-json\/wp\/v2\/media?parent=44756"}],"wp:term":[{"taxonomy":"product_cat","embeddable":true,"href":"https:\/\/www.silvian.nl\/pt-pt\/wp-json\/wp\/v2\/product_cat?post=44756"},{"taxonomy":"product_tag","embeddable":true,"href":"https:\/\/www.silvian.nl\/pt-pt\/wp-json\/wp\/v2\/product_tag?post=44756"}],"curies":[{"name":"wp","href":"https:\/\/api.w.org\/{rel}","templated":true}]}}