{"id":43007,"date":"2024-11-25T16:08:52","date_gmt":"2024-11-25T16:08:52","guid":{"rendered":"https:\/\/www.silvian.nl\/product\/kilowattrel-ex\/"},"modified":"2024-12-04T23:15:42","modified_gmt":"2024-12-04T23:15:42","slug":"kilowattrel-ex","status":"publish","type":"product","link":"https:\/\/www.silvian.nl\/pt-pt\/produto\/kilowattrel-ex\/","title":{"rendered":"Kilowattrel ex"},"content":{"rendered":"<p>Switch this Pok\u00e9mon with 1 of your Benched Pok\u00e9mon. If you do, attach up to 2 Basic Lightning Energy cards from your hand to this Pok\u00e9mon.<\/p>\n","protected":false},"excerpt":{"rendered":"<p>Switch this Pok\u00e9mon with 1 of your Benched Pok\u00e9mon. If you do, attach up to 2 Basic Lightning Energy cards from your hand to this Pok\u00e9mon.<\/p>\n","protected":false},"featured_media":42994,"template":"","meta":[],"product_cat":[999,3066],"product_tag":[],"class_list":{"0":"post-43007","1":"product","2":"type-product","3":"status-publish","4":"has-post-thumbnail","6":"product_cat-scarlet-violet","7":"product_cat-surging-sparks","9":"first","10":"outofstock","11":"shipping-taxable","12":"product-type-simple"},"_links":{"self":[{"href":"https:\/\/www.silvian.nl\/pt-pt\/wp-json\/wp\/v2\/product\/43007","targetHints":{"allow":["GET"]}}],"collection":[{"href":"https:\/\/www.silvian.nl\/pt-pt\/wp-json\/wp\/v2\/product"}],"about":[{"href":"https:\/\/www.silvian.nl\/pt-pt\/wp-json\/wp\/v2\/types\/product"}],"wp:featuredmedia":[{"embeddable":true,"href":"https:\/\/www.silvian.nl\/pt-pt\/wp-json\/wp\/v2\/media\/42994"}],"wp:attachment":[{"href":"https:\/\/www.silvian.nl\/pt-pt\/wp-json\/wp\/v2\/media?parent=43007"}],"wp:term":[{"taxonomy":"product_cat","embeddable":true,"href":"https:\/\/www.silvian.nl\/pt-pt\/wp-json\/wp\/v2\/product_cat?post=43007"},{"taxonomy":"product_tag","embeddable":true,"href":"https:\/\/www.silvian.nl\/pt-pt\/wp-json\/wp\/v2\/product_tag?post=43007"}],"curies":[{"name":"wp","href":"https:\/\/api.w.org\/{rel}","templated":true}]}}