{"id":32120,"date":"2024-11-24T12:34:25","date_gmt":"2024-11-24T12:34:25","guid":{"rendered":"https:\/\/www.silvian.nl\/product\/raichu-10\/"},"modified":"2024-12-04T22:47:15","modified_gmt":"2024-12-04T22:47:15","slug":"raichu-10","status":"publish","type":"product","link":"https:\/\/www.silvian.nl\/pt-pt\/produto\/raichu-10\/","title":{"rendered":"Raichu"},"content":{"rendered":"<p>This attack does 50 damage to each Pok\u00e9mon that has any damage counters on it (both yours and your opponent&#8217;s), except for this Pok\u00e9mon. (Don&#8217;t apply Weakness and Resistance for Benched Pok\u00e9mon.)<\/p>\n","protected":false},"excerpt":{"rendered":"<p>If the electric pouches in its cheeks become fully charged, both ears will stand straight up.<\/p>\n","protected":false},"featured_media":32107,"template":"","meta":[],"product_cat":[999,2372],"product_tag":[],"class_list":{"0":"post-32120","1":"product","2":"type-product","3":"status-publish","4":"has-post-thumbnail","6":"product_cat-scarlet-violet","7":"product_cat-temporal-forces","9":"first","10":"outofstock","11":"shipping-taxable","12":"product-type-simple"},"_links":{"self":[{"href":"https:\/\/www.silvian.nl\/pt-pt\/wp-json\/wp\/v2\/product\/32120","targetHints":{"allow":["GET"]}}],"collection":[{"href":"https:\/\/www.silvian.nl\/pt-pt\/wp-json\/wp\/v2\/product"}],"about":[{"href":"https:\/\/www.silvian.nl\/pt-pt\/wp-json\/wp\/v2\/types\/product"}],"wp:featuredmedia":[{"embeddable":true,"href":"https:\/\/www.silvian.nl\/pt-pt\/wp-json\/wp\/v2\/media\/32107"}],"wp:attachment":[{"href":"https:\/\/www.silvian.nl\/pt-pt\/wp-json\/wp\/v2\/media?parent=32120"}],"wp:term":[{"taxonomy":"product_cat","embeddable":true,"href":"https:\/\/www.silvian.nl\/pt-pt\/wp-json\/wp\/v2\/product_cat?post=32120"},{"taxonomy":"product_tag","embeddable":true,"href":"https:\/\/www.silvian.nl\/pt-pt\/wp-json\/wp\/v2\/product_tag?post=32120"}],"curies":[{"name":"wp","href":"https:\/\/api.w.org\/{rel}","templated":true}]}}