{"id":31574,"date":"2024-11-24T12:23:34","date_gmt":"2024-11-24T12:23:34","guid":{"rendered":"https:\/\/www.silvian.nl\/product\/shaymin\/"},"modified":"2024-12-04T22:46:13","modified_gmt":"2024-12-04T22:46:13","slug":"shaymin","status":"publish","type":"product","link":"https:\/\/www.silvian.nl\/pt-pt\/produto\/shaymin\/","title":{"rendered":"Shaymin"},"content":{"rendered":"<p>This attack does 60 damage to 1 of your opponent&#8217;s Benched Pok\u00e9mon ex or Benched Pok\u00e9mon V. (Don&#8217;t apply Weakness and Resistance for Benched Pok\u00e9mon.)<\/p>\n","protected":false},"excerpt":{"rendered":"<p>It can dissolve toxins in the air to instantly transform ruined land into a lush field of flowers.<\/p>\n","protected":false},"featured_media":31561,"template":"","meta":[],"product_cat":[999,2372],"product_tag":[],"class_list":{"0":"post-31574","1":"product","2":"type-product","3":"status-publish","4":"has-post-thumbnail","6":"product_cat-scarlet-violet","7":"product_cat-temporal-forces","9":"first","10":"outofstock","11":"shipping-taxable","12":"product-type-simple"},"_links":{"self":[{"href":"https:\/\/www.silvian.nl\/pt-pt\/wp-json\/wp\/v2\/product\/31574","targetHints":{"allow":["GET"]}}],"collection":[{"href":"https:\/\/www.silvian.nl\/pt-pt\/wp-json\/wp\/v2\/product"}],"about":[{"href":"https:\/\/www.silvian.nl\/pt-pt\/wp-json\/wp\/v2\/types\/product"}],"wp:featuredmedia":[{"embeddable":true,"href":"https:\/\/www.silvian.nl\/pt-pt\/wp-json\/wp\/v2\/media\/31561"}],"wp:attachment":[{"href":"https:\/\/www.silvian.nl\/pt-pt\/wp-json\/wp\/v2\/media?parent=31574"}],"wp:term":[{"taxonomy":"product_cat","embeddable":true,"href":"https:\/\/www.silvian.nl\/pt-pt\/wp-json\/wp\/v2\/product_cat?post=31574"},{"taxonomy":"product_tag","embeddable":true,"href":"https:\/\/www.silvian.nl\/pt-pt\/wp-json\/wp\/v2\/product_tag?post=31574"}],"curies":[{"name":"wp","href":"https:\/\/api.w.org\/{rel}","templated":true}]}}