{"id":23106,"date":"2024-11-23T13:55:04","date_gmt":"2024-11-23T13:55:04","guid":{"rendered":"https:\/\/www.silvian.nl\/product\/hitmonlee-4\/"},"modified":"2024-12-04T22:31:08","modified_gmt":"2024-12-04T22:31:08","slug":"hitmonlee-4","status":"publish","type":"product","link":"https:\/\/www.silvian.nl\/pt-pt\/produto\/hitmonlee-4\/","title":{"rendered":"Hitmonlee"},"content":{"rendered":"<p>This attack does 10 damage to each of your opponent&#8217;s Pok\u00e9mon. (Don&#8217;t apply Weakness and Resistance for Benched Pok\u00e9mon.) Switch this Pok\u00e9mon with 1 of your Benched Pok\u00e9mon.<\/p>\n","protected":false},"excerpt":{"rendered":"<p>The legs freely contract and stretch. The stretchy legs allow it to hit a distant foe with a rising kick.<\/p>\n","protected":false},"featured_media":23093,"template":"","meta":[],"product_cat":[1690,999],"product_tag":[],"class_list":{"0":"post-23106","1":"product","2":"type-product","3":"status-publish","4":"has-post-thumbnail","6":"product_cat-1690","7":"product_cat-scarlet-violet","9":"first","10":"outofstock","11":"shipping-taxable","12":"product-type-simple"},"_links":{"self":[{"href":"https:\/\/www.silvian.nl\/pt-pt\/wp-json\/wp\/v2\/product\/23106","targetHints":{"allow":["GET"]}}],"collection":[{"href":"https:\/\/www.silvian.nl\/pt-pt\/wp-json\/wp\/v2\/product"}],"about":[{"href":"https:\/\/www.silvian.nl\/pt-pt\/wp-json\/wp\/v2\/types\/product"}],"wp:featuredmedia":[{"embeddable":true,"href":"https:\/\/www.silvian.nl\/pt-pt\/wp-json\/wp\/v2\/media\/23093"}],"wp:attachment":[{"href":"https:\/\/www.silvian.nl\/pt-pt\/wp-json\/wp\/v2\/media?parent=23106"}],"wp:term":[{"taxonomy":"product_cat","embeddable":true,"href":"https:\/\/www.silvian.nl\/pt-pt\/wp-json\/wp\/v2\/product_cat?post=23106"},{"taxonomy":"product_tag","embeddable":true,"href":"https:\/\/www.silvian.nl\/pt-pt\/wp-json\/wp\/v2\/product_tag?post=23106"}],"curies":[{"name":"wp","href":"https:\/\/api.w.org\/{rel}","templated":true}]}}