{"id":1930,"date":"2024-11-20T09:07:41","date_gmt":"2024-11-20T09:07:41","guid":{"rendered":"https:\/\/www.silvian.nl\/product\/pidgey\/"},"modified":"2024-12-04T21:25:18","modified_gmt":"2024-12-04T21:25:18","slug":"pidgey","status":"publish","type":"product","link":"https:\/\/www.silvian.nl\/pt-pt\/produto\/pidgey\/","title":{"rendered":"Pidgey"},"content":{"rendered":"<p>If your opponent has any Benched Pok\u00e9mon, he or she chooses 1 of them and switches it with the Defending Pok\u00e9mon. (Do the damage before switching the Pok\u00e9mon.)<\/p>\n","protected":false},"excerpt":{"rendered":"<p>A common sight in forests and woods. It flaps its wings at ground level to kick up blinding sand.<\/p>\n","protected":false},"featured_media":1917,"template":"","meta":[],"product_cat":[296,2821],"product_tag":[],"class_list":{"0":"post-1930","1":"product","2":"type-product","3":"status-publish","4":"has-post-thumbnail","6":"product_cat-base","7":"product_cat-base-set","9":"first","10":"outofstock","11":"shipping-taxable","12":"product-type-simple"},"_links":{"self":[{"href":"https:\/\/www.silvian.nl\/pt-pt\/wp-json\/wp\/v2\/product\/1930","targetHints":{"allow":["GET"]}}],"collection":[{"href":"https:\/\/www.silvian.nl\/pt-pt\/wp-json\/wp\/v2\/product"}],"about":[{"href":"https:\/\/www.silvian.nl\/pt-pt\/wp-json\/wp\/v2\/types\/product"}],"wp:featuredmedia":[{"embeddable":true,"href":"https:\/\/www.silvian.nl\/pt-pt\/wp-json\/wp\/v2\/media\/1917"}],"wp:attachment":[{"href":"https:\/\/www.silvian.nl\/pt-pt\/wp-json\/wp\/v2\/media?parent=1930"}],"wp:term":[{"taxonomy":"product_cat","embeddable":true,"href":"https:\/\/www.silvian.nl\/pt-pt\/wp-json\/wp\/v2\/product_cat?post=1930"},{"taxonomy":"product_tag","embeddable":true,"href":"https:\/\/www.silvian.nl\/pt-pt\/wp-json\/wp\/v2\/product_tag?post=1930"}],"curies":[{"name":"wp","href":"https:\/\/api.w.org\/{rel}","templated":true}]}}