{"id":134206,"date":"2024-12-19T11:04:18","date_gmt":"2024-12-19T11:04:18","guid":{"rendered":"https:\/\/www.silvian.nl\/product\/ursaring-5\/"},"modified":"2024-12-19T11:04:19","modified_gmt":"2024-12-19T11:04:19","slug":"ursaring-5","status":"publish","type":"product","link":"https:\/\/www.silvian.nl\/pt-pt\/produto\/ursaring-5\/","title":{"rendered":"Ursaring"},"content":{"rendered":"<p>Switch 1 of your opponent&#8217;s Benched Pok\u00e9mon with his or her Active Pok\u00e9mon. This attack does 50 damage to the new Active Pok\u00e9mon.<\/p>\n","protected":false},"excerpt":{"rendered":"<p>Although it has a large body, it is quite skilled at climbing trees. It eats and sleeps in the treetops.<\/p>\n","protected":false},"featured_media":134193,"template":"","meta":[],"product_cat":[5625,5314],"product_tag":[],"class_list":{"0":"post-134206","1":"product","2":"type-product","3":"status-publish","4":"has-post-thumbnail","6":"product_cat-breakthrough","7":"product_cat-xy","9":"first","10":"outofstock","11":"shipping-taxable","12":"product-type-simple"},"_links":{"self":[{"href":"https:\/\/www.silvian.nl\/pt-pt\/wp-json\/wp\/v2\/product\/134206","targetHints":{"allow":["GET"]}}],"collection":[{"href":"https:\/\/www.silvian.nl\/pt-pt\/wp-json\/wp\/v2\/product"}],"about":[{"href":"https:\/\/www.silvian.nl\/pt-pt\/wp-json\/wp\/v2\/types\/product"}],"wp:featuredmedia":[{"embeddable":true,"href":"https:\/\/www.silvian.nl\/pt-pt\/wp-json\/wp\/v2\/media\/134193"}],"wp:attachment":[{"href":"https:\/\/www.silvian.nl\/pt-pt\/wp-json\/wp\/v2\/media?parent=134206"}],"wp:term":[{"taxonomy":"product_cat","embeddable":true,"href":"https:\/\/www.silvian.nl\/pt-pt\/wp-json\/wp\/v2\/product_cat?post=134206"},{"taxonomy":"product_tag","embeddable":true,"href":"https:\/\/www.silvian.nl\/pt-pt\/wp-json\/wp\/v2\/product_tag?post=134206"}],"curies":[{"name":"wp","href":"https:\/\/api.w.org\/{rel}","templated":true}]}}