{"id":125810,"date":"2024-12-16T15:12:18","date_gmt":"2024-12-16T15:12:18","guid":{"rendered":"https:\/\/www.silvian.nl\/product\/galvantula-7\/"},"modified":"2024-12-16T15:12:19","modified_gmt":"2024-12-16T15:12:19","slug":"galvantula-7","status":"publish","type":"product","link":"https:\/\/www.silvian.nl\/pt-pt\/produto\/galvantula-7\/","title":{"rendered":"Galvantula"},"content":{"rendered":"<p>Switch 1 of your opponent&#8217;s Benched Pok\u00e9mon with your opponent&#8217;s Active Pok\u00e9mon. The new Active Pok\u00e9mon is now Confused.<\/p>\n","protected":false},"excerpt":{"rendered":"<p>They employ an electrically charged web to trap their prey. While it is immobilized by shock, they leisurely consume it.<\/p>\n","protected":false},"featured_media":125797,"template":"","meta":[],"product_cat":[5464,5314],"product_tag":[],"class_list":{"0":"post-125810","1":"product","2":"type-product","3":"status-publish","4":"has-post-thumbnail","6":"product_cat-phantom-forces","7":"product_cat-xy","9":"first","10":"outofstock","11":"shipping-taxable","12":"product-type-simple"},"_links":{"self":[{"href":"https:\/\/www.silvian.nl\/pt-pt\/wp-json\/wp\/v2\/product\/125810","targetHints":{"allow":["GET"]}}],"collection":[{"href":"https:\/\/www.silvian.nl\/pt-pt\/wp-json\/wp\/v2\/product"}],"about":[{"href":"https:\/\/www.silvian.nl\/pt-pt\/wp-json\/wp\/v2\/types\/product"}],"wp:featuredmedia":[{"embeddable":true,"href":"https:\/\/www.silvian.nl\/pt-pt\/wp-json\/wp\/v2\/media\/125797"}],"wp:attachment":[{"href":"https:\/\/www.silvian.nl\/pt-pt\/wp-json\/wp\/v2\/media?parent=125810"}],"wp:term":[{"taxonomy":"product_cat","embeddable":true,"href":"https:\/\/www.silvian.nl\/pt-pt\/wp-json\/wp\/v2\/product_cat?post=125810"},{"taxonomy":"product_tag","embeddable":true,"href":"https:\/\/www.silvian.nl\/pt-pt\/wp-json\/wp\/v2\/product_tag?post=125810"}],"curies":[{"name":"wp","href":"https:\/\/api.w.org\/{rel}","templated":true}]}}