{"id":120752,"date":"2024-12-16T10:09:10","date_gmt":"2024-12-16T10:09:10","guid":{"rendered":"https:\/\/www.silvian.nl\/product\/emolga-ex\/"},"modified":"2024-12-16T10:09:10","modified_gmt":"2024-12-16T10:09:10","slug":"emolga-ex","status":"publish","type":"product","link":"https:\/\/www.silvian.nl\/pt-pt\/produto\/emolga-ex\/","title":{"rendered":"Emolga-EX"},"content":{"rendered":"<p>Search your deck for a Lightning Energy card and attach it to this Pok\u00e9mon. Shuffle your deck afterward. If you attached Energy in this way, switch this Pok\u00e9mon with 1 of your Benched Pok\u00e9mon.<\/p>\n","protected":false},"excerpt":{"rendered":"<p>Search your deck for a Lightning Energy card and attach it to this Pok\u00e9mon. Shuffle your deck afterward. If you attached Energy in this way, switch this Pok\u00e9mon with 1 of your Benched Pok\u00e9mon.<\/p>\n","protected":false},"featured_media":120739,"template":"","meta":[],"product_cat":[5314,5347],"product_tag":[],"class_list":{"0":"post-120752","1":"product","2":"type-product","3":"status-publish","4":"has-post-thumbnail","6":"product_cat-xy","7":"product_cat-xy-set","9":"first","10":"outofstock","11":"shipping-taxable","12":"product-type-simple"},"_links":{"self":[{"href":"https:\/\/www.silvian.nl\/pt-pt\/wp-json\/wp\/v2\/product\/120752","targetHints":{"allow":["GET"]}}],"collection":[{"href":"https:\/\/www.silvian.nl\/pt-pt\/wp-json\/wp\/v2\/product"}],"about":[{"href":"https:\/\/www.silvian.nl\/pt-pt\/wp-json\/wp\/v2\/types\/product"}],"wp:featuredmedia":[{"embeddable":true,"href":"https:\/\/www.silvian.nl\/pt-pt\/wp-json\/wp\/v2\/media\/120739"}],"wp:attachment":[{"href":"https:\/\/www.silvian.nl\/pt-pt\/wp-json\/wp\/v2\/media?parent=120752"}],"wp:term":[{"taxonomy":"product_cat","embeddable":true,"href":"https:\/\/www.silvian.nl\/pt-pt\/wp-json\/wp\/v2\/product_cat?post=120752"},{"taxonomy":"product_tag","embeddable":true,"href":"https:\/\/www.silvian.nl\/pt-pt\/wp-json\/wp\/v2\/product_tag?post=120752"}],"curies":[{"name":"wp","href":"https:\/\/api.w.org\/{rel}","templated":true}]}}