{"id":118473,"date":"2024-12-16T09:41:18","date_gmt":"2024-12-16T09:41:18","guid":{"rendered":"https:\/\/www.silvian.nl\/product\/altaria-gx-3\/"},"modified":"2024-12-16T09:41:18","modified_gmt":"2024-12-16T09:41:18","slug":"altaria-gx-3","status":"publish","type":"product","link":"https:\/\/www.silvian.nl\/pt-pt\/produto\/altaria-gx-3\/","title":{"rendered":"Altaria-GX"},"content":{"rendered":"<p>During your opponent&#8217;s next turn, prevent all damage done to this Pok\u00e9mon by attacks from Pok\u00e9mon-GX and Pok\u00e9mon-EX.<\/p>\n","protected":false},"excerpt":{"rendered":"<p>During your opponent&#8217;s next turn, prevent all damage done to this Pok\u00e9mon by attacks from Pok\u00e9mon-GX and Pok\u00e9mon-EX.<\/p>\n","protected":false},"featured_media":118460,"template":"","meta":[],"product_cat":[5288,4493],"product_tag":[],"class_list":{"0":"post-118473","1":"product","2":"type-product","3":"status-publish","4":"has-post-thumbnail","6":"product_cat-dragon-majesty","7":"product_cat-sun-moon","9":"first","10":"outofstock","11":"shipping-taxable","12":"product-type-simple"},"_links":{"self":[{"href":"https:\/\/www.silvian.nl\/pt-pt\/wp-json\/wp\/v2\/product\/118473","targetHints":{"allow":["GET"]}}],"collection":[{"href":"https:\/\/www.silvian.nl\/pt-pt\/wp-json\/wp\/v2\/product"}],"about":[{"href":"https:\/\/www.silvian.nl\/pt-pt\/wp-json\/wp\/v2\/types\/product"}],"wp:featuredmedia":[{"embeddable":true,"href":"https:\/\/www.silvian.nl\/pt-pt\/wp-json\/wp\/v2\/media\/118460"}],"wp:attachment":[{"href":"https:\/\/www.silvian.nl\/pt-pt\/wp-json\/wp\/v2\/media?parent=118473"}],"wp:term":[{"taxonomy":"product_cat","embeddable":true,"href":"https:\/\/www.silvian.nl\/pt-pt\/wp-json\/wp\/v2\/product_cat?post=118473"},{"taxonomy":"product_tag","embeddable":true,"href":"https:\/\/www.silvian.nl\/pt-pt\/wp-json\/wp\/v2\/product_tag?post=118473"}],"curies":[{"name":"wp","href":"https:\/\/api.w.org\/{rel}","templated":true}]}}