{"id":100601,"date":"2024-12-09T10:59:58","date_gmt":"2024-12-09T10:59:58","guid":{"rendered":"https:\/\/www.silvian.nl\/product\/hitmontop-4\/"},"modified":"2024-12-09T11:15:42","modified_gmt":"2024-12-09T11:15:42","slug":"hitmontop-4","status":"publish","type":"product","link":"https:\/\/www.silvian.nl\/pt-pt\/produto\/hitmontop-4\/","title":{"rendered":"Hitmontop"},"content":{"rendered":"<p>Switch this Pok\u00e9mon with 1 of your Benched Pok\u00e9mon. If you do, your opponent switches their Active Pok\u00e9mon with 1 of their Benched Pok\u00e9mon.<\/p>\n","protected":false},"excerpt":{"rendered":"<p>If you are enchanted by its smooth, dance-like kicks, you may get a closer experience with one than you&#8217;d like.<\/p>\n","protected":false},"featured_media":100588,"template":"","meta":[],"product_cat":[4985,4493],"product_tag":[],"class_list":{"0":"post-100601","1":"product","2":"type-product","3":"status-publish","4":"has-post-thumbnail","6":"product_cat-lost-thunder","7":"product_cat-sun-moon","9":"first","10":"outofstock","11":"shipping-taxable","12":"product-type-simple"},"_links":{"self":[{"href":"https:\/\/www.silvian.nl\/pt-pt\/wp-json\/wp\/v2\/product\/100601","targetHints":{"allow":["GET"]}}],"collection":[{"href":"https:\/\/www.silvian.nl\/pt-pt\/wp-json\/wp\/v2\/product"}],"about":[{"href":"https:\/\/www.silvian.nl\/pt-pt\/wp-json\/wp\/v2\/types\/product"}],"wp:featuredmedia":[{"embeddable":true,"href":"https:\/\/www.silvian.nl\/pt-pt\/wp-json\/wp\/v2\/media\/100588"}],"wp:attachment":[{"href":"https:\/\/www.silvian.nl\/pt-pt\/wp-json\/wp\/v2\/media?parent=100601"}],"wp:term":[{"taxonomy":"product_cat","embeddable":true,"href":"https:\/\/www.silvian.nl\/pt-pt\/wp-json\/wp\/v2\/product_cat?post=100601"},{"taxonomy":"product_tag","embeddable":true,"href":"https:\/\/www.silvian.nl\/pt-pt\/wp-json\/wp\/v2\/product_tag?post=100601"}],"curies":[{"name":"wp","href":"https:\/\/api.w.org\/{rel}","templated":true}]}}