{"id":82176,"date":"2024-11-28T12:31:37","date_gmt":"2024-11-28T12:31:37","guid":{"rendered":"https:\/\/www.silvian.nl\/product\/alolan-vulpix-vstar-2\/"},"modified":"2024-12-05T00:34:20","modified_gmt":"2024-12-05T00:34:20","slug":"alolan-vulpix-vstar-2","status":"publish","type":"product","link":"https:\/\/www.silvian.nl\/pl\/produkt\/alolan-vulpix-vstar-2\/","title":{"rendered":"Alolan Vulpix VSTAR"},"content":{"rendered":"<p>This attack&#8217;s damage isn&#8217;t affected by any effects on your opponent&#8217;s Active Pok\u00e9mon. During your opponent&#8217;s next turn, prevent all damage done to this Pok\u00e9mon by attacks from Pok\u00e9mon that have an Ability.<\/p>\n","protected":false},"excerpt":{"rendered":"<p>This attack&#8217;s damage isn&#8217;t affected by any effects on your opponent&#8217;s Active Pok\u00e9mon. During your opponent&#8217;s next turn, prevent all damage done to this Pok\u00e9mon by attacks from Pok\u00e9mon that have an Ability.<\/p>\n","protected":false},"featured_media":82163,"template":"","meta":[],"product_cat":[4398,2971],"product_tag":[],"class_list":{"0":"post-82176","1":"product","2":"type-product","3":"status-publish","4":"has-post-thumbnail","6":"product_cat-silver-tempest","7":"product_cat-sword-shield","9":"first","10":"outofstock","11":"shipping-taxable","12":"product-type-simple"},"_links":{"self":[{"href":"https:\/\/www.silvian.nl\/pl\/wp-json\/wp\/v2\/product\/82176","targetHints":{"allow":["GET"]}}],"collection":[{"href":"https:\/\/www.silvian.nl\/pl\/wp-json\/wp\/v2\/product"}],"about":[{"href":"https:\/\/www.silvian.nl\/pl\/wp-json\/wp\/v2\/types\/product"}],"wp:featuredmedia":[{"embeddable":true,"href":"https:\/\/www.silvian.nl\/pl\/wp-json\/wp\/v2\/media\/82163"}],"wp:attachment":[{"href":"https:\/\/www.silvian.nl\/pl\/wp-json\/wp\/v2\/media?parent=82176"}],"wp:term":[{"taxonomy":"product_cat","embeddable":true,"href":"https:\/\/www.silvian.nl\/pl\/wp-json\/wp\/v2\/product_cat?post=82176"},{"taxonomy":"product_tag","embeddable":true,"href":"https:\/\/www.silvian.nl\/pl\/wp-json\/wp\/v2\/product_tag?post=82176"}],"curies":[{"name":"wp","href":"https:\/\/api.w.org\/{rel}","templated":true}]}}