{"id":15638,"date":"2024-11-22T13:43:26","date_gmt":"2024-11-22T13:43:26","guid":{"rendered":"https:\/\/www.silvian.nl\/product\/glimmora\/"},"modified":"2024-12-04T22:18:00","modified_gmt":"2024-12-04T22:18:00","slug":"glimmora","status":"publish","type":"product","link":"https:\/\/www.silvian.nl\/pl\/produkt\/glimmora\/","title":{"rendered":"Glimmora"},"content":{"rendered":"<p>Your opponent&#8217;s Active Pok\u00e9mon is now Poisoned. During Pok\u00e9mon Checkup, put 6 damage counters on that Pok\u00e9mon instead of 1.<\/p>\n","protected":false},"excerpt":{"rendered":"<p>When this Pok\u00e9mon detects danger, it will open up its crystalline petals and fire beams from its conical body.<\/p>\n","protected":false},"featured_media":15625,"template":"","meta":[],"product_cat":[1292,999],"product_tag":[],"class_list":{"0":"post-15638","1":"product","2":"type-product","3":"status-publish","4":"has-post-thumbnail","6":"product_cat-paldea-evolved","7":"product_cat-scarlet-violet","9":"first","10":"outofstock","11":"shipping-taxable","12":"product-type-simple"},"_links":{"self":[{"href":"https:\/\/www.silvian.nl\/pl\/wp-json\/wp\/v2\/product\/15638","targetHints":{"allow":["GET"]}}],"collection":[{"href":"https:\/\/www.silvian.nl\/pl\/wp-json\/wp\/v2\/product"}],"about":[{"href":"https:\/\/www.silvian.nl\/pl\/wp-json\/wp\/v2\/types\/product"}],"wp:featuredmedia":[{"embeddable":true,"href":"https:\/\/www.silvian.nl\/pl\/wp-json\/wp\/v2\/media\/15625"}],"wp:attachment":[{"href":"https:\/\/www.silvian.nl\/pl\/wp-json\/wp\/v2\/media?parent=15638"}],"wp:term":[{"taxonomy":"product_cat","embeddable":true,"href":"https:\/\/www.silvian.nl\/pl\/wp-json\/wp\/v2\/product_cat?post=15638"},{"taxonomy":"product_tag","embeddable":true,"href":"https:\/\/www.silvian.nl\/pl\/wp-json\/wp\/v2\/product_tag?post=15638"}],"curies":[{"name":"wp","href":"https:\/\/api.w.org\/{rel}","templated":true}]}}