{"id":122096,"date":"2024-12-16T10:14:27","date_gmt":"2024-12-16T10:14:27","guid":{"rendered":"https:\/\/www.silvian.nl\/product\/blastoise-ex-6\/"},"modified":"2024-12-16T10:14:28","modified_gmt":"2024-12-16T10:14:28","slug":"blastoise-ex-6","status":"publish","type":"product","link":"https:\/\/www.silvian.nl\/pl\/produkt\/blastoise-ex-6\/","title":{"rendered":"Blastoise-EX"},"content":{"rendered":"<p>Switch this Pok\u00e9mon with 1 of your Benched Pok\u00e9mon. Then, your opponent switches his or her Active Pok\u00e9mon with 1 of his or her Benched Pok\u00e9mon.<\/p>\n","protected":false},"excerpt":{"rendered":"<p>Switch this Pok\u00e9mon with 1 of your Benched Pok\u00e9mon. Then, your opponent switches his or her Active Pok\u00e9mon with 1 of his or her Benched Pok\u00e9mon.<\/p>\n","protected":false},"featured_media":122083,"template":"","meta":[],"product_cat":[5314,5347],"product_tag":[],"class_list":{"0":"post-122096","1":"product","2":"type-product","3":"status-publish","4":"has-post-thumbnail","6":"product_cat-xy","7":"product_cat-xy-set","9":"first","10":"outofstock","11":"shipping-taxable","12":"product-type-simple"},"_links":{"self":[{"href":"https:\/\/www.silvian.nl\/pl\/wp-json\/wp\/v2\/product\/122096","targetHints":{"allow":["GET"]}}],"collection":[{"href":"https:\/\/www.silvian.nl\/pl\/wp-json\/wp\/v2\/product"}],"about":[{"href":"https:\/\/www.silvian.nl\/pl\/wp-json\/wp\/v2\/types\/product"}],"wp:featuredmedia":[{"embeddable":true,"href":"https:\/\/www.silvian.nl\/pl\/wp-json\/wp\/v2\/media\/122083"}],"wp:attachment":[{"href":"https:\/\/www.silvian.nl\/pl\/wp-json\/wp\/v2\/media?parent=122096"}],"wp:term":[{"taxonomy":"product_cat","embeddable":true,"href":"https:\/\/www.silvian.nl\/pl\/wp-json\/wp\/v2\/product_cat?post=122096"},{"taxonomy":"product_tag","embeddable":true,"href":"https:\/\/www.silvian.nl\/pl\/wp-json\/wp\/v2\/product_tag?post=122096"}],"curies":[{"name":"wp","href":"https:\/\/api.w.org\/{rel}","templated":true}]}}