{"id":120514,"date":"2024-12-16T10:08:11","date_gmt":"2024-12-16T10:08:11","guid":{"rendered":"https:\/\/www.silvian.nl\/product\/blastoise-ex-4\/"},"modified":"2024-12-16T10:08:12","modified_gmt":"2024-12-16T10:08:12","slug":"blastoise-ex-4","status":"publish","type":"product","link":"https:\/\/www.silvian.nl\/pl\/produkt\/blastoise-ex-4\/","title":{"rendered":"Blastoise-EX"},"content":{"rendered":"<p>Switch this Pok\u00e9mon with 1 of your Benched Pok\u00e9mon. Then, your opponent switches his or her Active Pok\u00e9mon with 1 of his or her Benched Pok\u00e9mon.<\/p>\n","protected":false},"excerpt":{"rendered":"<p>Switch this Pok\u00e9mon with 1 of your Benched Pok\u00e9mon. Then, your opponent switches his or her Active Pok\u00e9mon with 1 of his or her Benched Pok\u00e9mon.<\/p>\n","protected":false},"featured_media":120501,"template":"","meta":[],"product_cat":[5314,5347],"product_tag":[],"class_list":{"0":"post-120514","1":"product","2":"type-product","3":"status-publish","4":"has-post-thumbnail","6":"product_cat-xy","7":"product_cat-xy-set","9":"first","10":"outofstock","11":"shipping-taxable","12":"product-type-simple"},"_links":{"self":[{"href":"https:\/\/www.silvian.nl\/pl\/wp-json\/wp\/v2\/product\/120514","targetHints":{"allow":["GET"]}}],"collection":[{"href":"https:\/\/www.silvian.nl\/pl\/wp-json\/wp\/v2\/product"}],"about":[{"href":"https:\/\/www.silvian.nl\/pl\/wp-json\/wp\/v2\/types\/product"}],"wp:featuredmedia":[{"embeddable":true,"href":"https:\/\/www.silvian.nl\/pl\/wp-json\/wp\/v2\/media\/120501"}],"wp:attachment":[{"href":"https:\/\/www.silvian.nl\/pl\/wp-json\/wp\/v2\/media?parent=120514"}],"wp:term":[{"taxonomy":"product_cat","embeddable":true,"href":"https:\/\/www.silvian.nl\/pl\/wp-json\/wp\/v2\/product_cat?post=120514"},{"taxonomy":"product_tag","embeddable":true,"href":"https:\/\/www.silvian.nl\/pl\/wp-json\/wp\/v2\/product_tag?post=120514"}],"curies":[{"name":"wp","href":"https:\/\/api.w.org\/{rel}","templated":true}]}}