{"id":111573,"date":"2024-12-09T13:16:12","date_gmt":"2024-12-09T13:16:12","guid":{"rendered":"https:\/\/www.silvian.nl\/product\/rowlet-alolan-exeggutor-gx-2\/"},"modified":"2024-12-09T13:16:12","modified_gmt":"2024-12-09T13:16:12","slug":"rowlet-alolan-exeggutor-gx-2","status":"publish","type":"product","link":"https:\/\/www.silvian.nl\/pl\/produkt\/rowlet-alolan-exeggutor-gx-2\/","title":{"rendered":"Rowlet &#038; Alolan Exeggutor-GX"},"content":{"rendered":"<p>Search your deck for a card that evolves from 1 of your Grass Pok\u00e9mon and put it onto that Pok\u00e9mon to evolve it. If that Pok\u00e9mon is now a Stage 1 Pok\u00e9mon, search your deck for a Stage 2 Pok\u00e9mon that evolves from that Pok\u00e9mon and put it onto that Pok\u00e9mon to evolve it. Then, shuffle your deck.<\/p>\n","protected":false},"excerpt":{"rendered":"<p>Search your deck for a card that evolves from 1 of your Grass Pok\u00e9mon and put it onto that Pok\u00e9mon to evolve it. If that Pok\u00e9mon is now a Stage 1 Pok\u00e9mon, search your deck for a Stage 2 Pok\u00e9mon that evolves from that Pok\u00e9mon and put it onto that Pok\u00e9mon to evolve it. Then, [&#8230;]\n","protected":false},"featured_media":111560,"template":"","meta":[],"product_cat":[4493,5110],"product_tag":[],"class_list":{"0":"post-111573","1":"product","2":"type-product","3":"status-publish","4":"has-post-thumbnail","6":"product_cat-sun-moon","7":"product_cat-unified-minds","9":"first","10":"outofstock","11":"shipping-taxable","12":"product-type-simple"},"_links":{"self":[{"href":"https:\/\/www.silvian.nl\/pl\/wp-json\/wp\/v2\/product\/111573","targetHints":{"allow":["GET"]}}],"collection":[{"href":"https:\/\/www.silvian.nl\/pl\/wp-json\/wp\/v2\/product"}],"about":[{"href":"https:\/\/www.silvian.nl\/pl\/wp-json\/wp\/v2\/types\/product"}],"wp:featuredmedia":[{"embeddable":true,"href":"https:\/\/www.silvian.nl\/pl\/wp-json\/wp\/v2\/media\/111560"}],"wp:attachment":[{"href":"https:\/\/www.silvian.nl\/pl\/wp-json\/wp\/v2\/media?parent=111573"}],"wp:term":[{"taxonomy":"product_cat","embeddable":true,"href":"https:\/\/www.silvian.nl\/pl\/wp-json\/wp\/v2\/product_cat?post=111573"},{"taxonomy":"product_tag","embeddable":true,"href":"https:\/\/www.silvian.nl\/pl\/wp-json\/wp\/v2\/product_tag?post=111573"}],"curies":[{"name":"wp","href":"https:\/\/api.w.org\/{rel}","templated":true}]}}