{"id":108074,"date":"2024-12-09T12:08:53","date_gmt":"2024-12-09T12:08:53","guid":{"rendered":"https:\/\/www.silvian.nl\/product\/honchkrow-gx-2\/"},"modified":"2024-12-09T12:08:53","modified_gmt":"2024-12-09T12:08:53","slug":"honchkrow-gx-2","status":"publish","type":"product","link":"https:\/\/www.silvian.nl\/pl\/produkt\/honchkrow-gx-2\/","title":{"rendered":"Honchkrow-GX"},"content":{"rendered":"<p>This attack does 30 damage to 2 of your opponent&#8217;s Benched Pok\u00e9mon-GX and Pok\u00e9mon-EX. (Don&#8217;t apply Weakness and Resistance for Benched Pok\u00e9mon.)<\/p>\n","protected":false},"excerpt":{"rendered":"<p>This attack does 30 damage to 2 of your opponent&#8217;s Benched Pok\u00e9mon-GX and Pok\u00e9mon-EX. (Don&#8217;t apply Weakness and Resistance for Benched Pok\u00e9mon.)<\/p>\n","protected":false},"featured_media":108061,"template":"","meta":[],"product_cat":[4493,5036],"product_tag":[],"class_list":{"0":"post-108074","1":"product","2":"type-product","3":"status-publish","4":"has-post-thumbnail","6":"product_cat-sun-moon","7":"product_cat-unbroken-bonds","9":"first","10":"outofstock","11":"shipping-taxable","12":"product-type-simple"},"_links":{"self":[{"href":"https:\/\/www.silvian.nl\/pl\/wp-json\/wp\/v2\/product\/108074","targetHints":{"allow":["GET"]}}],"collection":[{"href":"https:\/\/www.silvian.nl\/pl\/wp-json\/wp\/v2\/product"}],"about":[{"href":"https:\/\/www.silvian.nl\/pl\/wp-json\/wp\/v2\/types\/product"}],"wp:featuredmedia":[{"embeddable":true,"href":"https:\/\/www.silvian.nl\/pl\/wp-json\/wp\/v2\/media\/108061"}],"wp:attachment":[{"href":"https:\/\/www.silvian.nl\/pl\/wp-json\/wp\/v2\/media?parent=108074"}],"wp:term":[{"taxonomy":"product_cat","embeddable":true,"href":"https:\/\/www.silvian.nl\/pl\/wp-json\/wp\/v2\/product_cat?post=108074"},{"taxonomy":"product_tag","embeddable":true,"href":"https:\/\/www.silvian.nl\/pl\/wp-json\/wp\/v2\/product_tag?post=108074"}],"curies":[{"name":"wp","href":"https:\/\/api.w.org\/{rel}","templated":true}]}}