{"id":64501,"date":"2024-11-27T08:35:00","date_gmt":"2024-11-27T08:35:00","guid":{"rendered":"https:\/\/www.silvian.nl\/product\/medicham-v\/"},"modified":"2024-12-05T00:02:36","modified_gmt":"2024-12-05T00:02:36","slug":"medicham-v","status":"publish","type":"product","link":"https:\/\/www.silvian.nl\/pa\/product\/medicham-v\/","title":{"rendered":"Medicham V"},"content":{"rendered":"<p>Put 2 damage counters on 1 of your opponent&#8217;s Pok\u00e9mon. If your opponent&#8217;s Pok\u00e9mon is Knocked Out by this attack, take another turn after this one. (Skip Pok\u00e9mon Checkup.) If 1 of your Pok\u00e9mon used Yoga Loop during your last turn, this attack can&#8217;t be used.<\/p>\n","protected":false},"excerpt":{"rendered":"<p>Put 2 damage counters on 1 of your opponent&#8217;s Pok\u00e9mon. If your opponent&#8217;s Pok\u00e9mon is Knocked Out by this attack, take another turn after this one. (Skip Pok\u00e9mon Checkup.) If 1 of your Pok\u00e9mon used Yoga Loop during your last turn, this attack can&#8217;t be used.<\/p>\n","protected":false},"featured_media":64488,"template":"","meta":[],"product_cat":[3866,2971],"product_tag":[],"class_list":{"0":"post-64501","1":"product","2":"type-product","3":"status-publish","4":"has-post-thumbnail","6":"product_cat-evolving-skies","7":"product_cat-sword-shield","9":"first","10":"outofstock","11":"shipping-taxable","12":"product-type-simple"},"_links":{"self":[{"href":"https:\/\/www.silvian.nl\/pa\/wp-json\/wp\/v2\/product\/64501","targetHints":{"allow":["GET"]}}],"collection":[{"href":"https:\/\/www.silvian.nl\/pa\/wp-json\/wp\/v2\/product"}],"about":[{"href":"https:\/\/www.silvian.nl\/pa\/wp-json\/wp\/v2\/types\/product"}],"wp:featuredmedia":[{"embeddable":true,"href":"https:\/\/www.silvian.nl\/pa\/wp-json\/wp\/v2\/media\/64488"}],"wp:attachment":[{"href":"https:\/\/www.silvian.nl\/pa\/wp-json\/wp\/v2\/media?parent=64501"}],"wp:term":[{"taxonomy":"product_cat","embeddable":true,"href":"https:\/\/www.silvian.nl\/pa\/wp-json\/wp\/v2\/product_cat?post=64501"},{"taxonomy":"product_tag","embeddable":true,"href":"https:\/\/www.silvian.nl\/pa\/wp-json\/wp\/v2\/product_tag?post=64501"}],"curies":[{"name":"wp","href":"https:\/\/api.w.org\/{rel}","templated":true}]}}