{"id":27711,"date":"2024-11-23T16:15:28","date_gmt":"2024-11-23T16:15:28","guid":{"rendered":"https:\/\/www.silvian.nl\/product\/roaring-moon-ex-4\/"},"modified":"2024-12-04T22:38:46","modified_gmt":"2024-12-04T22:38:46","slug":"roaring-moon-ex-4","status":"publish","type":"product","link":"https:\/\/www.silvian.nl\/pa\/product\/roaring-moon-ex-4\/","title":{"rendered":"Roaring Moon ex"},"content":{"rendered":"<p>Knock Out your opponent&#8217;s Active Pok\u00e9mon. If your opponent&#8217;s Active Pok\u00e9mon is Knocked Out in this way, this Pok\u00e9mon does 200 damage to itself.<\/p>\n","protected":false},"excerpt":{"rendered":"<p>Knock Out your opponent&#8217;s Active Pok\u00e9mon. If your opponent&#8217;s Active Pok\u00e9mon is Knocked Out in this way, this Pok\u00e9mon does 200 damage to itself.<\/p>\n","protected":false},"featured_media":27698,"template":"","meta":[],"product_cat":[1991,999],"product_tag":[],"class_list":{"0":"post-27711","1":"product","2":"type-product","3":"status-publish","4":"has-post-thumbnail","6":"product_cat-paradox-rift","7":"product_cat-scarlet-violet","9":"first","10":"outofstock","11":"shipping-taxable","12":"product-type-simple"},"_links":{"self":[{"href":"https:\/\/www.silvian.nl\/pa\/wp-json\/wp\/v2\/product\/27711","targetHints":{"allow":["GET"]}}],"collection":[{"href":"https:\/\/www.silvian.nl\/pa\/wp-json\/wp\/v2\/product"}],"about":[{"href":"https:\/\/www.silvian.nl\/pa\/wp-json\/wp\/v2\/types\/product"}],"wp:featuredmedia":[{"embeddable":true,"href":"https:\/\/www.silvian.nl\/pa\/wp-json\/wp\/v2\/media\/27698"}],"wp:attachment":[{"href":"https:\/\/www.silvian.nl\/pa\/wp-json\/wp\/v2\/media?parent=27711"}],"wp:term":[{"taxonomy":"product_cat","embeddable":true,"href":"https:\/\/www.silvian.nl\/pa\/wp-json\/wp\/v2\/product_cat?post=27711"},{"taxonomy":"product_tag","embeddable":true,"href":"https:\/\/www.silvian.nl\/pa\/wp-json\/wp\/v2\/product_tag?post=27711"}],"curies":[{"name":"wp","href":"https:\/\/api.w.org\/{rel}","templated":true}]}}