{"id":18824,"date":"2024-11-23T12:35:01","date_gmt":"2024-11-23T12:35:01","guid":{"rendered":"https:\/\/www.silvian.nl\/product\/eelektross\/"},"modified":"2024-12-04T22:23:53","modified_gmt":"2024-12-04T22:23:53","slug":"eelektross","status":"publish","type":"product","link":"https:\/\/www.silvian.nl\/pa\/product\/eelektross\/","title":{"rendered":"Eelektross"},"content":{"rendered":"<p>Switch in 1 of your opponent&#8217;s Benched Pok\u00e9mon to the Active Spot. If you do, this attack does 60 damage to the new Active Pok\u00e9mon, and then flip a coin. If heads, that Pok\u00e9mon is now Paralyzed.<\/p>\n","protected":false},"excerpt":{"rendered":"<p>They crawl out of the ocean using their arms. They will attack prey on shore and immediately drag it into the ocean.<\/p>\n","protected":false},"featured_media":18811,"template":"","meta":[],"product_cat":[1293,999],"product_tag":[],"class_list":{"0":"post-18824","1":"product","2":"type-product","3":"status-publish","4":"has-post-thumbnail","6":"product_cat-obsidian-flames","7":"product_cat-scarlet-violet","9":"first","10":"outofstock","11":"shipping-taxable","12":"product-type-simple"},"_links":{"self":[{"href":"https:\/\/www.silvian.nl\/pa\/wp-json\/wp\/v2\/product\/18824","targetHints":{"allow":["GET"]}}],"collection":[{"href":"https:\/\/www.silvian.nl\/pa\/wp-json\/wp\/v2\/product"}],"about":[{"href":"https:\/\/www.silvian.nl\/pa\/wp-json\/wp\/v2\/types\/product"}],"wp:featuredmedia":[{"embeddable":true,"href":"https:\/\/www.silvian.nl\/pa\/wp-json\/wp\/v2\/media\/18811"}],"wp:attachment":[{"href":"https:\/\/www.silvian.nl\/pa\/wp-json\/wp\/v2\/media?parent=18824"}],"wp:term":[{"taxonomy":"product_cat","embeddable":true,"href":"https:\/\/www.silvian.nl\/pa\/wp-json\/wp\/v2\/product_cat?post=18824"},{"taxonomy":"product_tag","embeddable":true,"href":"https:\/\/www.silvian.nl\/pa\/wp-json\/wp\/v2\/product_tag?post=18824"}],"curies":[{"name":"wp","href":"https:\/\/api.w.org\/{rel}","templated":true}]}}