{"id":124075,"date":"2024-12-16T15:02:57","date_gmt":"2024-12-16T15:02:57","guid":{"rendered":"https:\/\/www.silvian.nl\/product\/glaceon-3\/"},"modified":"2024-12-16T15:02:57","modified_gmt":"2024-12-16T15:02:57","slug":"glaceon-3","status":"publish","type":"product","link":"https:\/\/www.silvian.nl\/pa\/product\/glaceon-3\/","title":{"rendered":"Glaceon"},"content":{"rendered":"<p>This Pok\u00e9mon does 10 damage to each of your opponent&#8217;s Benched Pok\u00e9mon. (Don&#8217;t apply Weakness and Resistance for Benched Pok\u00e9mon.)<\/p>\n","protected":false},"excerpt":{"rendered":"<p>By controlling its body heat, it can freeze the atmosphere around it to make a diamond-dust flurry.<\/p>\n","protected":false},"featured_media":124062,"template":"","meta":[],"product_cat":[5429,5314],"product_tag":[],"class_list":{"0":"post-124075","1":"product","2":"type-product","3":"status-publish","4":"has-post-thumbnail","6":"product_cat-furious-fists","7":"product_cat-xy","9":"first","10":"outofstock","11":"shipping-taxable","12":"product-type-simple"},"_links":{"self":[{"href":"https:\/\/www.silvian.nl\/pa\/wp-json\/wp\/v2\/product\/124075","targetHints":{"allow":["GET"]}}],"collection":[{"href":"https:\/\/www.silvian.nl\/pa\/wp-json\/wp\/v2\/product"}],"about":[{"href":"https:\/\/www.silvian.nl\/pa\/wp-json\/wp\/v2\/types\/product"}],"wp:featuredmedia":[{"embeddable":true,"href":"https:\/\/www.silvian.nl\/pa\/wp-json\/wp\/v2\/media\/124062"}],"wp:attachment":[{"href":"https:\/\/www.silvian.nl\/pa\/wp-json\/wp\/v2\/media?parent=124075"}],"wp:term":[{"taxonomy":"product_cat","embeddable":true,"href":"https:\/\/www.silvian.nl\/pa\/wp-json\/wp\/v2\/product_cat?post=124075"},{"taxonomy":"product_tag","embeddable":true,"href":"https:\/\/www.silvian.nl\/pa\/wp-json\/wp\/v2\/product_tag?post=124075"}],"curies":[{"name":"wp","href":"https:\/\/api.w.org\/{rel}","templated":true}]}}