{"id":121452,"date":"2024-12-16T10:11:56","date_gmt":"2024-12-16T10:11:56","guid":{"rendered":"https:\/\/www.silvian.nl\/product\/xerneas-4\/"},"modified":"2024-12-16T10:11:57","modified_gmt":"2024-12-16T10:11:57","slug":"xerneas-4","status":"publish","type":"product","link":"https:\/\/www.silvian.nl\/pa\/product\/xerneas-4\/","title":{"rendered":"Xerneas"},"content":{"rendered":"<p>Choose 2 of your Benched Pok\u00e9mon. For each of those Pok\u00e9mon, search your deck for a Fairy Energy card and attach it to that Pok\u00e9mon. Shuffle your deck afterward.<\/p>\n","protected":false},"excerpt":{"rendered":"<p>Legends say it can share eternal life. It slept for a thousand years in the form of a tree before its revival.<\/p>\n","protected":false},"featured_media":121439,"template":"","meta":[],"product_cat":[5314,5347],"product_tag":[],"class_list":{"0":"post-121452","1":"product","2":"type-product","3":"status-publish","4":"has-post-thumbnail","6":"product_cat-xy","7":"product_cat-xy-set","9":"first","10":"outofstock","11":"shipping-taxable","12":"product-type-simple"},"_links":{"self":[{"href":"https:\/\/www.silvian.nl\/pa\/wp-json\/wp\/v2\/product\/121452","targetHints":{"allow":["GET"]}}],"collection":[{"href":"https:\/\/www.silvian.nl\/pa\/wp-json\/wp\/v2\/product"}],"about":[{"href":"https:\/\/www.silvian.nl\/pa\/wp-json\/wp\/v2\/types\/product"}],"wp:featuredmedia":[{"embeddable":true,"href":"https:\/\/www.silvian.nl\/pa\/wp-json\/wp\/v2\/media\/121439"}],"wp:attachment":[{"href":"https:\/\/www.silvian.nl\/pa\/wp-json\/wp\/v2\/media?parent=121452"}],"wp:term":[{"taxonomy":"product_cat","embeddable":true,"href":"https:\/\/www.silvian.nl\/pa\/wp-json\/wp\/v2\/product_cat?post=121452"},{"taxonomy":"product_tag","embeddable":true,"href":"https:\/\/www.silvian.nl\/pa\/wp-json\/wp\/v2\/product_tag?post=121452"}],"curies":[{"name":"wp","href":"https:\/\/api.w.org\/{rel}","templated":true}]}}