{"id":106828,"date":"2024-12-09T12:04:15","date_gmt":"2024-12-09T12:04:15","guid":{"rendered":"https:\/\/www.silvian.nl\/product\/greninja\/"},"modified":"2024-12-09T12:04:15","modified_gmt":"2024-12-09T12:04:15","slug":"greninja","status":"publish","type":"product","link":"https:\/\/www.silvian.nl\/pa\/product\/greninja\/","title":{"rendered":"Greninja"},"content":{"rendered":"<p>The Pok\u00e9mon that has the least HP remaining, except for this Pok\u00e9mon, is Knocked Out. (If multiple Pok\u00e9mon are tied, choose one.)<\/p>\n","protected":false},"excerpt":{"rendered":"<p>It creates throwing stars out of compressed water. When it spins them and throws them at high speed, these stars can split metal in two.<\/p>\n","protected":false},"featured_media":106815,"template":"","meta":[],"product_cat":[4493,5036],"product_tag":[],"class_list":{"0":"post-106828","1":"product","2":"type-product","3":"status-publish","4":"has-post-thumbnail","6":"product_cat-sun-moon","7":"product_cat-unbroken-bonds","9":"first","10":"outofstock","11":"shipping-taxable","12":"product-type-simple"},"_links":{"self":[{"href":"https:\/\/www.silvian.nl\/pa\/wp-json\/wp\/v2\/product\/106828","targetHints":{"allow":["GET"]}}],"collection":[{"href":"https:\/\/www.silvian.nl\/pa\/wp-json\/wp\/v2\/product"}],"about":[{"href":"https:\/\/www.silvian.nl\/pa\/wp-json\/wp\/v2\/types\/product"}],"wp:featuredmedia":[{"embeddable":true,"href":"https:\/\/www.silvian.nl\/pa\/wp-json\/wp\/v2\/media\/106815"}],"wp:attachment":[{"href":"https:\/\/www.silvian.nl\/pa\/wp-json\/wp\/v2\/media?parent=106828"}],"wp:term":[{"taxonomy":"product_cat","embeddable":true,"href":"https:\/\/www.silvian.nl\/pa\/wp-json\/wp\/v2\/product_cat?post=106828"},{"taxonomy":"product_tag","embeddable":true,"href":"https:\/\/www.silvian.nl\/pa\/wp-json\/wp\/v2\/product_tag?post=106828"}],"curies":[{"name":"wp","href":"https:\/\/api.w.org\/{rel}","templated":true}]}}