{"id":92555,"date":"2024-12-02T11:35:43","date_gmt":"2024-12-02T11:35:43","guid":{"rendered":"https:\/\/www.silvian.nl\/product\/cresselia-6\/"},"modified":"2024-12-05T00:51:42","modified_gmt":"2024-12-05T00:51:42","slug":"cresselia-6","status":"publish","type":"product","link":"https:\/\/www.silvian.nl\/nl\/product\/cresselia-6\/","title":{"rendered":"Cresselia"},"content":{"rendered":"<p>Discard an Energy from this Pok\u00e9mon. If you do, switch all damage counters on this Pok\u00e9mon with those on your opponent&#8217;s Active Pok\u00e9mon.<\/p>\n","protected":false},"excerpt":{"rendered":"<p>Those who sleep holding Cresselia&#8217;s feather are assured of joyful dreams. It is said to represent the crescent moon.<\/p>\n","protected":false},"featured_media":92542,"template":"","meta":[],"product_cat":[4493,4716],"product_tag":[],"class_list":{"0":"post-92555","1":"product","2":"type-product","3":"status-publish","4":"has-post-thumbnail","6":"product_cat-sun-moon","7":"product_cat-ultra-prism","9":"first","10":"outofstock","11":"shipping-taxable","12":"product-type-simple"},"_links":{"self":[{"href":"https:\/\/www.silvian.nl\/nl\/wp-json\/wp\/v2\/product\/92555","targetHints":{"allow":["GET"]}}],"collection":[{"href":"https:\/\/www.silvian.nl\/nl\/wp-json\/wp\/v2\/product"}],"about":[{"href":"https:\/\/www.silvian.nl\/nl\/wp-json\/wp\/v2\/types\/product"}],"wp:featuredmedia":[{"embeddable":true,"href":"https:\/\/www.silvian.nl\/nl\/wp-json\/wp\/v2\/media\/92542"}],"wp:attachment":[{"href":"https:\/\/www.silvian.nl\/nl\/wp-json\/wp\/v2\/media?parent=92555"}],"wp:term":[{"taxonomy":"product_cat","embeddable":true,"href":"https:\/\/www.silvian.nl\/nl\/wp-json\/wp\/v2\/product_cat?post=92555"},{"taxonomy":"product_tag","embeddable":true,"href":"https:\/\/www.silvian.nl\/nl\/wp-json\/wp\/v2\/product_tag?post=92555"}],"curies":[{"name":"wp","href":"https:\/\/api.w.org\/{rel}","templated":true}]}}